{"id":2656,"date":"2023-03-30T14:25:19","date_gmt":"2023-03-30T13:25:19","guid":{"rendered":"https:\/\/learning.keepingchildrensafe.global\/proteccion-infantil-en-las-operaciones-de-mantenimiento-de-la-paz-con-un-enfoque-basado-en-los-derechos-humanos\/"},"modified":"2023-10-03T14:43:14","modified_gmt":"2023-10-03T13:43:14","slug":"proteccion-infantil-en-las-operaciones-de-mantenimiento-de-la-paz-con-un-enfoque-basado-en-los-derechos-humanos","status":"publish","type":"page","link":"https:\/\/learning.keepingchildrensafe.global\/es\/proteccion-infantil-en-las-operaciones-de-mantenimiento-de-la-paz-con-un-enfoque-basado-en-los-derechos-humanos\/","title":{"rendered":"Protecci\u00f3n Infantil en las Operaciones de Mantenimiento de la Paz con un Enfoque Basado en los Derechos Humanos"},"content":{"rendered":"\n<div style=\"height:60px\" aria-hidden=\"true\" class=\"wp-block-spacer\"><\/div>\n\n<div class=\"wp-block-columns has-ast-global-color-4-background-color has-background is-layout-flex wp-container-core-columns-is-layout-d7d455e7 wp-block-columns-is-layout-flex\" style=\"padding-top:0;padding-right:0;padding-bottom:0;padding-left:0\">\n<div class=\"wp-block-column has-x-large-font-size is-layout-flow wp-block-column-is-layout-flow\" style=\"border-style:none;border-width:0px;padding-top:var(--wp--preset--spacing--50);padding-right:var(--wp--preset--spacing--50);padding-bottom:var(--wp--preset--spacing--50);padding-left:var(--wp--preset--spacing--50);flex-basis:66.66%\">\n<h2 class=\"wp-block-heading\">Protecci\u00f3n Infantil en las Operaciones de Mantenimiento de la Paz con un Enfoque Basado en los Derechos Humanos \u2013 Responsabilidades, Teor\u00eda y Pr\u00e1ctica<\/h2>\n\n\n\n<p class=\"has-medium-font-size\">Curso autoguiado<\/p>\n<\/div>\n\n\n\n<div class=\"wp-block-column is-layout-flow wp-block-column-is-layout-flow\" style=\"padding-top:0;padding-right:0;padding-bottom:0;padding-left:0;flex-basis:33.33%\">\n<figure class=\"wp-block-image size-large is-resized has-custom-border\"><img loading=\"lazy\" decoding=\"async\" src=\"https:\/\/mildlettucelinen.mylearndash.com\/wp-content\/uploads\/2023\/03\/B7NA2P-edited-scaled.jpg\" alt=\"\" class=\"wp-image-1997\" style=\"border-style:none;border-width:0px;border-radius:0px\" width=\"391\" height=\"350\"\/><\/figure>\n<\/div>\n<\/div>\n\n<div style=\"height:60px\" aria-hidden=\"true\" class=\"wp-block-spacer\"><\/div>\n<div class=\"learndash-wrapper learndash-wrap learndash-shortcode-wrap\"><div class=\"learndash-course-visitor-message\">\n\t<div class=\"wp-block-columns course-status-bar has-border-color has-ast-global-color-4-border-color has-ast-global-color-5-background-color has-background is-layout-flex wp-container-core-columns-is-layout-28f84493 wp-block-columns-is-layout-flex\" style=\"border-width:4px;border-radius:30px\">\n<div class=\"wp-block-column is-layout-flow wp-block-column-is-layout-flow\" style=\"padding-bottom:var(--wp--preset--spacing--20)\">\n<p class=\"has-text-align-center has-medium-font-size\"><strong>Estado actual<\/strong><\/p>\n<p class=\"has-text-align-center\">No inscrito<\/p>\n<\/div>\n<div class=\"wp-block-column is-layout-flow wp-block-column-is-layout-flow\" style=\"padding-bottom:var(--wp--preset--spacing--20)\">\n<p class=\"has-text-align-center has-medium-font-size\"><strong>Gratuito<\/strong><\/p>\n<p class=\"has-text-align-center\">\n<\/div>\n<div class=\"wp-block-column is-layout-flow wp-block-column-is-layout-flow\" style=\"padding-bottom:var(--wp--preset--spacing--50)\">\n<p class=\"has-text-align-center has-medium-font-size\"><strong>Empezar<\/strong><\/p>\n<div class=\"wp-block-buttons is-content-justification-center is-layout-flex wp-container-core-buttons-is-layout-11db0663 wp-block-buttons-is-layout-flex\">\n<div class=\"wp-block-button is-style-outline is-style-outline--1\"><a class=\"wp-block-button__link has-text-align-center wp-element-button\" href=\"https:\/\/learning.keepingchildrensafe.global\/es\/registrese-para-proteccion-infantil-en-las-operaciones-de-mantenimiento-de-la-paz-con-un-enfoque-basado-en-los-derechos-humanos\/\"><strong>Inscr\u00edbase en este curso<\/strong><\/a><\/div>\n<\/div>\n<\/div>\n<\/div>\n\t<\/div>\n\t<\/div>\n<div style=\"height:60px\" aria-hidden=\"true\" class=\"wp-block-spacer\"><\/div>\n\n<p><\/p>\n<div class=\"lightweight-accordion has-text-color has-background\"><details><summary class=\"lightweight-accordion-title\" style=\"color:var(--ast-global-color-7);background:var(--ast-global-color-4);\"><span><strong>Informaci\u00f3n sobre el curso<\/strong><\/span><\/summary><div class=\"lightweight-accordion-body\" style=\"border-color:var(--ast-global-color-4);\">\n\n<div style=\"height:15px\" aria-hidden=\"true\" class=\"wp-block-spacer\"><\/div>\n\n\n\n<p><strong>Dirigido a:<\/strong> Oficiales militares y de polic\u00eda, personal civil<br\/><strong>Duraci\u00f3n:<\/strong> 1h 30m<br\/><strong>Lenguaje:<\/strong> Ingl\u00e9s<br\/><strong>Costo:<\/strong>Gratuito<br\/><strong>Certificaci\u00f3n:<\/strong> Certificado de participaci\u00f3n \/ DPC<br\/><strong>Acreditaci\u00f3n:<\/strong> Universidad de Reading y Keeping Children Safe<\/p>\n\n<\/div><\/details><\/div><div class=\"lightweight-accordion has-text-color has-background\"><details><summary class=\"lightweight-accordion-title\" style=\"color:var(--ast-global-color-7);background:var(--ast-global-color-4);\"><span><strong>Objetivos de aprendizaje<\/strong><\/span><\/summary><div class=\"lightweight-accordion-body\" style=\"border-color:var(--ast-global-color-4);\">\n\n<div style=\"height:15px\" aria-hidden=\"true\" class=\"wp-block-spacer\"><\/div>\n\n\n\n<ul class=\"wp-block-list\">\n<li>Comprender la definici\u00f3n de ni\u00f1o\/a y los riesgos de abuso infantil en el contexto de las operaciones de mantenimiento de la paz.<\/li>\n\n\n\n<li>Comprender lo que entendemos por protecci\u00f3n de las infancias y la responsabilidad de proteger a los ni\u00f1os, ni\u00f1as y adolescentes de cualquier da\u00f1o, incluyendo la Convenci\u00f3n Internacional sobre los Derechos del Ni\u00f1o (CDN) y otros instrumentos jur\u00eddicos pertinentes, as\u00ed como las seis infracciones graves. <\/li>\n\n\n\n<li>Comprender lo que entendemos por protecci\u00f3n infantil organizacional y la responsabilidad de prevenir los riesgos de da\u00f1os y abusos a ni\u00f1os, ni\u00f1as y adolescentes por parte de su personal, asociados, operaciones y actividades, incluidos los Est\u00e1ndares Internacionales de Protecci\u00f3n Infantil y c\u00f3mo aplicarlos. As\u00ed como la diferencia entre protecci\u00f3n de la infancia y protecci\u00f3n infantil organizacional.<\/li>\n\n\n\n<li>Reconocer los mayores riesgos de que se produzcan abusos a ni\u00f1os, ni\u00f1as o adolescentes en el contexto de una situaci\u00f3n de conflicto o crisis. Identificar y mitigar los posibles riesgos para la protecci\u00f3n infantil organizacional en el contexto de una operaci\u00f3n de mantenimiento de la paz.<\/li>\n\n\n\n<li>Comprender los derechos de v\u00edctimas y sobrevivientes de abusos, y c\u00f3mo apoyarlos.<\/li>\n\n\n\n<li>Conozca las siete etapas para identificar sistem\u00e1ticamente los riesgos para la protecci\u00f3n infantil. Comprender la cadena de mando, las funciones y las responsabilidades en la protecci\u00f3n infantil de la organizaci\u00f3n; y la importancia del liderazgo en la creaci\u00f3n de una cultura en la que la protecci\u00f3n infantil sea eficaz.<\/li>\n<\/ul>\n\n<\/div><\/details><\/div>\n<div style=\"height:30px\" aria-hidden=\"true\" class=\"wp-block-spacer\"><\/div>\n\n<p>Hay pruebas sustanciales de que los riesgos de abuso y explotaci\u00f3n de ni\u00f1os, ni\u00f1as y adolescentes aumentan significativamente durante un conflicto o crisis. Los maltratadores pueden aprovechar la oportunidad para abusar o explotar a ni\u00f1os, ni\u00f1as o adolescentes cuando la atenci\u00f3n y los recursos se centran en abordar la situaci\u00f3n, en algunos casos en detrimento de las pr\u00e1cticas de protecci\u00f3n infantil. Adem\u00e1s, las operaciones mal dirigidas pueden poner en peligro inadvertidamente a ni\u00f1os, ni\u00f1as y adolescentes. En un n\u00famero significativo de casos, los ni\u00f1os, ni\u00f1as y adolescentes han estado expuestos a abusos por parte de personal militar o civil en el contexto de operaciones de mantenimiento de la paz.<\/p>\n\n<div style=\"height:15px\" aria-hidden=\"true\" class=\"wp-block-spacer\"><\/div>\n\n<p>Este innovador curso introductorio se basa en los resultados de un proyecto de investigaci\u00f3n de cinco a\u00f1os de duraci\u00f3n sobre la protecci\u00f3n infantil en las operaciones de mantenimiento de la paz y ha sido coproducido con asesores militares, personal en activo, juristas, profesionales de la protecci\u00f3n infantil y comunidades afectadas por las operaciones de mantenimiento de la paz.<\/p>\n\n<div style=\"height:15px\" aria-hidden=\"true\" class=\"wp-block-spacer\"><\/div>\n\n<p>El curso explicar\u00e1 las importantes diferencias entre protecci\u00f3n de las infancias y protecci\u00f3n infantil organizacional y los diversos acuerdos internacionales que sustentan estos conceptos. Proporcionar\u00e1 una introducci\u00f3n a las responsabilidades, la teor\u00eda pertinente y ejemplos de buenas pr\u00e1cticas para ayudar a los participantes a comprender c\u00f3mo proteger m\u00e1s efectivamente a ni\u00f1os, ni\u00f1as y adolescentes del abuso y la explotaci\u00f3n en el contexto de las operaciones de mantenimiento de la paz.<\/p>\n\n<div style=\"height:90px\" aria-hidden=\"true\" class=\"wp-block-spacer\"><\/div>\n","protected":false},"excerpt":{"rendered":"<p>Protecci\u00f3n Infantil en las Operaciones de Mantenimiento de la Paz con un Enfoque Basado en los Derechos Humanos \u2013 Responsabilidades, Teor\u00eda y Pr\u00e1ctica Curso autoguiado Hay pruebas sustanciales de que los riesgos de abuso y explotaci\u00f3n de ni\u00f1os, ni\u00f1as y adolescentes aumentan significativamente durante un conflicto o crisis. Los maltratadores pueden aprovechar la oportunidad para [&hellip;]<\/p>\n","protected":false},"author":5,"featured_media":0,"parent":0,"menu_order":0,"comment_status":"closed","ping_status":"closed","template":"","meta":{"_bbp_topic_count":0,"_bbp_reply_count":0,"_bbp_total_topic_count":0,"_bbp_total_reply_count":0,"_bbp_voice_count":0,"_bbp_anonymous_reply_count":0,"_bbp_topic_count_hidden":0,"_bbp_reply_count_hidden":0,"_bbp_forum_subforum_count":0,"site-sidebar-layout":"default","site-content-layout":"","ast-site-content-layout":"default","site-content-style":"default","site-sidebar-style":"default","ast-global-header-display":"","ast-banner-title-visibility":"","ast-main-header-display":"","ast-hfb-above-header-display":"","ast-hfb-below-header-display":"","ast-hfb-mobile-header-display":"","site-post-title":"","ast-breadcrumbs-content":"","ast-featured-img":"","footer-sml-layout":"","ast-disable-related-posts":"","theme-transparent-header-meta":"","adv-header-id-meta":"","stick-header-meta":"","header-above-stick-meta":"","header-main-stick-meta":"","header-below-stick-meta":"","astra-migrate-meta-layouts":"default","ast-page-background-enabled":"default","ast-page-background-meta":{"desktop":{"background-color":"var(--ast-global-color-4)","background-image":"","background-repeat":"repeat","background-position":"center center","background-size":"auto","background-attachment":"scroll","background-type":"","background-media":"","overlay-type":"","overlay-color":"","overlay-opacity":"","overlay-gradient":""},"tablet":{"background-color":"","background-image":"","background-repeat":"repeat","background-position":"center center","background-size":"auto","background-attachment":"scroll","background-type":"","background-media":"","overlay-type":"","overlay-color":"","overlay-opacity":"","overlay-gradient":""},"mobile":{"background-color":"","background-image":"","background-repeat":"repeat","background-position":"center center","background-size":"auto","background-attachment":"scroll","background-type":"","background-media":"","overlay-type":"","overlay-color":"","overlay-opacity":"","overlay-gradient":""}},"ast-content-background-meta":{"desktop":{"background-color":"var(--ast-global-color-5)","background-image":"","background-repeat":"repeat","background-position":"center center","background-size":"auto","background-attachment":"scroll","background-type":"","background-media":"","overlay-type":"","overlay-color":"","overlay-opacity":"","overlay-gradient":""},"tablet":{"background-color":"var(--ast-global-color-5)","background-image":"","background-repeat":"repeat","background-position":"center center","background-size":"auto","background-attachment":"scroll","background-type":"","background-media":"","overlay-type":"","overlay-color":"","overlay-opacity":"","overlay-gradient":""},"mobile":{"background-color":"var(--ast-global-color-5)","background-image":"","background-repeat":"repeat","background-position":"center center","background-size":"auto","background-attachment":"scroll","background-type":"","background-media":"","overlay-type":"","overlay-color":"","overlay-opacity":"","overlay-gradient":""}},"footnotes":""},"class_list":["post-2656","page","type-page","status-publish","hentry"],"yoast_head":"<!-- This site is optimized with the Yoast SEO plugin v27.4 - https:\/\/yoast.com\/product\/yoast-seo-wordpress\/ -->\n<title>Protecci\u00f3n Infantil en las Operaciones de Mantenimiento de la Paz con un Enfoque Basado en los Derechos Humanos - KCS Learning<\/title>\n<meta name=\"robots\" content=\"index, follow, max-snippet:-1, max-image-preview:large, max-video-preview:-1\" \/>\n<link rel=\"canonical\" href=\"https:\/\/learning.keepingchildrensafe.global\/es\/proteccion-infantil-en-las-operaciones-de-mantenimiento-de-la-paz-con-un-enfoque-basado-en-los-derechos-humanos\/\" \/>\n<meta property=\"og:locale\" content=\"es_ES\" \/>\n<meta property=\"og:type\" content=\"article\" \/>\n<meta property=\"og:title\" content=\"Protecci\u00f3n Infantil en las Operaciones de Mantenimiento de la Paz con un Enfoque Basado en los Derechos Humanos - KCS Learning\" \/>\n<meta property=\"og:description\" content=\"Protecci\u00f3n Infantil en las Operaciones de Mantenimiento de la Paz con un Enfoque Basado en los Derechos Humanos \u2013 Responsabilidades, Teor\u00eda y Pr\u00e1ctica Curso autoguiado Hay pruebas sustanciales de que los riesgos de abuso y explotaci\u00f3n de ni\u00f1os, ni\u00f1as y adolescentes aumentan significativamente durante un conflicto o crisis. Los maltratadores pueden aprovechar la oportunidad para [&hellip;]\" \/>\n<meta property=\"og:url\" content=\"https:\/\/learning.keepingchildrensafe.global\/es\/proteccion-infantil-en-las-operaciones-de-mantenimiento-de-la-paz-con-un-enfoque-basado-en-los-derechos-humanos\/\" \/>\n<meta property=\"og:site_name\" content=\"KCS Learning\" \/>\n<meta property=\"article:modified_time\" content=\"2023-10-03T13:43:14+00:00\" \/>\n<meta property=\"og:image\" content=\"https:\/\/mildlettucelinen.mylearndash.com\/wp-content\/uploads\/2023\/03\/B7NA2P-edited-scaled.jpg\" \/>\n<meta name=\"twitter:card\" content=\"summary_large_image\" \/>\n<meta name=\"twitter:site\" content=\"@keepchildsafe\" \/>\n<meta name=\"twitter:label1\" content=\"Tiempo de lectura\" \/>\n\t<meta name=\"twitter:data1\" content=\"3 minutos\" \/>\n<script type=\"application\/ld+json\" class=\"yoast-schema-graph\">{\"@context\":\"https:\\\/\\\/schema.org\",\"@graph\":[{\"@type\":\"WebPage\",\"@id\":\"https:\\\/\\\/learning.keepingchildrensafe.global\\\/es\\\/proteccion-infantil-en-las-operaciones-de-mantenimiento-de-la-paz-con-un-enfoque-basado-en-los-derechos-humanos\\\/\",\"url\":\"https:\\\/\\\/learning.keepingchildrensafe.global\\\/es\\\/proteccion-infantil-en-las-operaciones-de-mantenimiento-de-la-paz-con-un-enfoque-basado-en-los-derechos-humanos\\\/\",\"name\":\"Protecci\u00f3n Infantil en las Operaciones de Mantenimiento de la Paz con un Enfoque Basado en los Derechos Humanos - KCS Learning\",\"isPartOf\":{\"@id\":\"https:\\\/\\\/learning.keepingchildrensafe.global\\\/es\\\/#website\"},\"primaryImageOfPage\":{\"@id\":\"https:\\\/\\\/learning.keepingchildrensafe.global\\\/es\\\/proteccion-infantil-en-las-operaciones-de-mantenimiento-de-la-paz-con-un-enfoque-basado-en-los-derechos-humanos\\\/#primaryimage\"},\"image\":{\"@id\":\"https:\\\/\\\/learning.keepingchildrensafe.global\\\/es\\\/proteccion-infantil-en-las-operaciones-de-mantenimiento-de-la-paz-con-un-enfoque-basado-en-los-derechos-humanos\\\/#primaryimage\"},\"thumbnailUrl\":\"https:\\\/\\\/mildlettucelinen.mylearndash.com\\\/wp-content\\\/uploads\\\/2023\\\/03\\\/B7NA2P-edited-scaled.jpg\",\"datePublished\":\"2023-03-30T13:25:19+00:00\",\"dateModified\":\"2023-10-03T13:43:14+00:00\",\"breadcrumb\":{\"@id\":\"https:\\\/\\\/learning.keepingchildrensafe.global\\\/es\\\/proteccion-infantil-en-las-operaciones-de-mantenimiento-de-la-paz-con-un-enfoque-basado-en-los-derechos-humanos\\\/#breadcrumb\"},\"inLanguage\":\"es\",\"potentialAction\":[{\"@type\":\"ReadAction\",\"target\":[\"https:\\\/\\\/learning.keepingchildrensafe.global\\\/es\\\/proteccion-infantil-en-las-operaciones-de-mantenimiento-de-la-paz-con-un-enfoque-basado-en-los-derechos-humanos\\\/\"]}]},{\"@type\":\"ImageObject\",\"inLanguage\":\"es\",\"@id\":\"https:\\\/\\\/learning.keepingchildrensafe.global\\\/es\\\/proteccion-infantil-en-las-operaciones-de-mantenimiento-de-la-paz-con-un-enfoque-basado-en-los-derechos-humanos\\\/#primaryimage\",\"url\":\"https:\\\/\\\/mildlettucelinen.mylearndash.com\\\/wp-content\\\/uploads\\\/2023\\\/03\\\/B7NA2P-edited-scaled.jpg\",\"contentUrl\":\"https:\\\/\\\/mildlettucelinen.mylearndash.com\\\/wp-content\\\/uploads\\\/2023\\\/03\\\/B7NA2P-edited-scaled.jpg\"},{\"@type\":\"BreadcrumbList\",\"@id\":\"https:\\\/\\\/learning.keepingchildrensafe.global\\\/es\\\/proteccion-infantil-en-las-operaciones-de-mantenimiento-de-la-paz-con-un-enfoque-basado-en-los-derechos-humanos\\\/#breadcrumb\",\"itemListElement\":[{\"@type\":\"ListItem\",\"position\":1,\"name\":\"Home\",\"item\":\"https:\\\/\\\/learning.keepingchildrensafe.global\\\/es\\\/\"},{\"@type\":\"ListItem\",\"position\":2,\"name\":\"Protecci\u00f3n Infantil en las Operaciones de Mantenimiento de la Paz con un Enfoque Basado en los Derechos Humanos\"}]},{\"@type\":\"WebSite\",\"@id\":\"https:\\\/\\\/learning.keepingchildrensafe.global\\\/es\\\/#website\",\"url\":\"https:\\\/\\\/learning.keepingchildrensafe.global\\\/es\\\/\",\"name\":\"KCS Learning\",\"description\":\"Learn all about child safeguarding\",\"publisher\":{\"@id\":\"https:\\\/\\\/learning.keepingchildrensafe.global\\\/es\\\/#organization\"},\"potentialAction\":[{\"@type\":\"SearchAction\",\"target\":{\"@type\":\"EntryPoint\",\"urlTemplate\":\"https:\\\/\\\/learning.keepingchildrensafe.global\\\/es\\\/?s={search_term_string}\"},\"query-input\":{\"@type\":\"PropertyValueSpecification\",\"valueRequired\":true,\"valueName\":\"search_term_string\"}}],\"inLanguage\":\"es\"},{\"@type\":\"Organization\",\"@id\":\"https:\\\/\\\/learning.keepingchildrensafe.global\\\/es\\\/#organization\",\"name\":\"KCS Learning\",\"url\":\"https:\\\/\\\/learning.keepingchildrensafe.global\\\/es\\\/\",\"logo\":{\"@type\":\"ImageObject\",\"inLanguage\":\"es\",\"@id\":\"https:\\\/\\\/learning.keepingchildrensafe.global\\\/es\\\/#\\\/schema\\\/logo\\\/image\\\/\",\"url\":\"https:\\\/\\\/learning.keepingchildrensafe.global\\\/wp-content\\\/uploads\\\/2025\\\/03\\\/kcs-header-logo-1.png\",\"contentUrl\":\"https:\\\/\\\/learning.keepingchildrensafe.global\\\/wp-content\\\/uploads\\\/2025\\\/03\\\/kcs-header-logo-1.png\",\"width\":500,\"height\":53,\"caption\":\"KCS Learning\"},\"image\":{\"@id\":\"https:\\\/\\\/learning.keepingchildrensafe.global\\\/es\\\/#\\\/schema\\\/logo\\\/image\\\/\"},\"sameAs\":[\"https:\\\/\\\/x.com\\\/keepchildsafe\",\"https:\\\/\\\/www.linkedin.com\\\/company\\\/keepingchildrensafe\\\/\",\"https:\\\/\\\/vimeo.com\\\/keepingchildrensafe\"]}]}<\/script>\n<!-- \/ Yoast SEO plugin. -->","yoast_head_json":{"title":"Protecci\u00f3n Infantil en las Operaciones de Mantenimiento de la Paz con un Enfoque Basado en los Derechos Humanos - KCS Learning","robots":{"index":"index","follow":"follow","max-snippet":"max-snippet:-1","max-image-preview":"max-image-preview:large","max-video-preview":"max-video-preview:-1"},"canonical":"https:\/\/learning.keepingchildrensafe.global\/es\/proteccion-infantil-en-las-operaciones-de-mantenimiento-de-la-paz-con-un-enfoque-basado-en-los-derechos-humanos\/","og_locale":"es_ES","og_type":"article","og_title":"Protecci\u00f3n Infantil en las Operaciones de Mantenimiento de la Paz con un Enfoque Basado en los Derechos Humanos - KCS Learning","og_description":"Protecci\u00f3n Infantil en las Operaciones de Mantenimiento de la Paz con un Enfoque Basado en los Derechos Humanos \u2013 Responsabilidades, Teor\u00eda y Pr\u00e1ctica Curso autoguiado Hay pruebas sustanciales de que los riesgos de abuso y explotaci\u00f3n de ni\u00f1os, ni\u00f1as y adolescentes aumentan significativamente durante un conflicto o crisis. Los maltratadores pueden aprovechar la oportunidad para [&hellip;]","og_url":"https:\/\/learning.keepingchildrensafe.global\/es\/proteccion-infantil-en-las-operaciones-de-mantenimiento-de-la-paz-con-un-enfoque-basado-en-los-derechos-humanos\/","og_site_name":"KCS Learning","article_modified_time":"2023-10-03T13:43:14+00:00","og_image":[{"url":"https:\/\/mildlettucelinen.mylearndash.com\/wp-content\/uploads\/2023\/03\/B7NA2P-edited-scaled.jpg","type":"","width":"","height":""}],"twitter_card":"summary_large_image","twitter_site":"@keepchildsafe","twitter_misc":{"Tiempo de lectura":"3 minutos"},"schema":{"@context":"https:\/\/schema.org","@graph":[{"@type":"WebPage","@id":"https:\/\/learning.keepingchildrensafe.global\/es\/proteccion-infantil-en-las-operaciones-de-mantenimiento-de-la-paz-con-un-enfoque-basado-en-los-derechos-humanos\/","url":"https:\/\/learning.keepingchildrensafe.global\/es\/proteccion-infantil-en-las-operaciones-de-mantenimiento-de-la-paz-con-un-enfoque-basado-en-los-derechos-humanos\/","name":"Protecci\u00f3n Infantil en las Operaciones de Mantenimiento de la Paz con un Enfoque Basado en los Derechos Humanos - KCS Learning","isPartOf":{"@id":"https:\/\/learning.keepingchildrensafe.global\/es\/#website"},"primaryImageOfPage":{"@id":"https:\/\/learning.keepingchildrensafe.global\/es\/proteccion-infantil-en-las-operaciones-de-mantenimiento-de-la-paz-con-un-enfoque-basado-en-los-derechos-humanos\/#primaryimage"},"image":{"@id":"https:\/\/learning.keepingchildrensafe.global\/es\/proteccion-infantil-en-las-operaciones-de-mantenimiento-de-la-paz-con-un-enfoque-basado-en-los-derechos-humanos\/#primaryimage"},"thumbnailUrl":"https:\/\/mildlettucelinen.mylearndash.com\/wp-content\/uploads\/2023\/03\/B7NA2P-edited-scaled.jpg","datePublished":"2023-03-30T13:25:19+00:00","dateModified":"2023-10-03T13:43:14+00:00","breadcrumb":{"@id":"https:\/\/learning.keepingchildrensafe.global\/es\/proteccion-infantil-en-las-operaciones-de-mantenimiento-de-la-paz-con-un-enfoque-basado-en-los-derechos-humanos\/#breadcrumb"},"inLanguage":"es","potentialAction":[{"@type":"ReadAction","target":["https:\/\/learning.keepingchildrensafe.global\/es\/proteccion-infantil-en-las-operaciones-de-mantenimiento-de-la-paz-con-un-enfoque-basado-en-los-derechos-humanos\/"]}]},{"@type":"ImageObject","inLanguage":"es","@id":"https:\/\/learning.keepingchildrensafe.global\/es\/proteccion-infantil-en-las-operaciones-de-mantenimiento-de-la-paz-con-un-enfoque-basado-en-los-derechos-humanos\/#primaryimage","url":"https:\/\/mildlettucelinen.mylearndash.com\/wp-content\/uploads\/2023\/03\/B7NA2P-edited-scaled.jpg","contentUrl":"https:\/\/mildlettucelinen.mylearndash.com\/wp-content\/uploads\/2023\/03\/B7NA2P-edited-scaled.jpg"},{"@type":"BreadcrumbList","@id":"https:\/\/learning.keepingchildrensafe.global\/es\/proteccion-infantil-en-las-operaciones-de-mantenimiento-de-la-paz-con-un-enfoque-basado-en-los-derechos-humanos\/#breadcrumb","itemListElement":[{"@type":"ListItem","position":1,"name":"Home","item":"https:\/\/learning.keepingchildrensafe.global\/es\/"},{"@type":"ListItem","position":2,"name":"Protecci\u00f3n Infantil en las Operaciones de Mantenimiento de la Paz con un Enfoque Basado en los Derechos Humanos"}]},{"@type":"WebSite","@id":"https:\/\/learning.keepingchildrensafe.global\/es\/#website","url":"https:\/\/learning.keepingchildrensafe.global\/es\/","name":"KCS Learning","description":"Learn all about child safeguarding","publisher":{"@id":"https:\/\/learning.keepingchildrensafe.global\/es\/#organization"},"potentialAction":[{"@type":"SearchAction","target":{"@type":"EntryPoint","urlTemplate":"https:\/\/learning.keepingchildrensafe.global\/es\/?s={search_term_string}"},"query-input":{"@type":"PropertyValueSpecification","valueRequired":true,"valueName":"search_term_string"}}],"inLanguage":"es"},{"@type":"Organization","@id":"https:\/\/learning.keepingchildrensafe.global\/es\/#organization","name":"KCS Learning","url":"https:\/\/learning.keepingchildrensafe.global\/es\/","logo":{"@type":"ImageObject","inLanguage":"es","@id":"https:\/\/learning.keepingchildrensafe.global\/es\/#\/schema\/logo\/image\/","url":"https:\/\/learning.keepingchildrensafe.global\/wp-content\/uploads\/2025\/03\/kcs-header-logo-1.png","contentUrl":"https:\/\/learning.keepingchildrensafe.global\/wp-content\/uploads\/2025\/03\/kcs-header-logo-1.png","width":500,"height":53,"caption":"KCS Learning"},"image":{"@id":"https:\/\/learning.keepingchildrensafe.global\/es\/#\/schema\/logo\/image\/"},"sameAs":["https:\/\/x.com\/keepchildsafe","https:\/\/www.linkedin.com\/company\/keepingchildrensafe\/","https:\/\/vimeo.com\/keepingchildrensafe"]}]}},"_links":{"self":[{"href":"https:\/\/learning.keepingchildrensafe.global\/es\/wp-json\/wp\/v2\/pages\/2656","targetHints":{"allow":["GET"]}}],"collection":[{"href":"https:\/\/learning.keepingchildrensafe.global\/es\/wp-json\/wp\/v2\/pages"}],"about":[{"href":"https:\/\/learning.keepingchildrensafe.global\/es\/wp-json\/wp\/v2\/types\/page"}],"author":[{"embeddable":true,"href":"https:\/\/learning.keepingchildrensafe.global\/es\/wp-json\/wp\/v2\/users\/5"}],"replies":[{"embeddable":true,"href":"https:\/\/learning.keepingchildrensafe.global\/es\/wp-json\/wp\/v2\/comments?post=2656"}],"version-history":[{"count":10,"href":"https:\/\/learning.keepingchildrensafe.global\/es\/wp-json\/wp\/v2\/pages\/2656\/revisions"}],"predecessor-version":[{"id":2947,"href":"https:\/\/learning.keepingchildrensafe.global\/es\/wp-json\/wp\/v2\/pages\/2656\/revisions\/2947"}],"wp:attachment":[{"href":"https:\/\/learning.keepingchildrensafe.global\/es\/wp-json\/wp\/v2\/media?parent=2656"}],"curies":[{"name":"wp","href":"https:\/\/api.w.org\/{rel}","templated":true}]}}