{"id":2660,"date":"2023-04-05T18:52:54","date_gmt":"2023-04-05T17:52:54","guid":{"rendered":"https:\/\/learning.keepingchildrensafe.global\/proteccion-infantil-organizacional\/"},"modified":"2023-09-09T04:33:50","modified_gmt":"2023-09-09T03:33:50","slug":"proteccion-infantil-organizacional","status":"publish","type":"page","link":"https:\/\/learning.keepingchildrensafe.global\/es\/proteccion-infantil-organizacional\/","title":{"rendered":"Protecci\u00f3n infantil organizacional"},"content":{"rendered":"\n<div style=\"height:60px\" aria-hidden=\"true\" class=\"wp-block-spacer\"><\/div>\n\n<p class=\"has-medium-font-size\">El maltrato infantil en las organizaciones puede prevenirse, pero los agresores pueden aprovechar y aprovechar\u00e1n cualquier brecha en el marco de protecci\u00f3n infantil de una organizaci\u00f3n. Todas las brechas deben cerrarse con medidas de protecci\u00f3n s\u00f3lidas que creen organizaciones m\u00e1s seguras. <\/p>\n\n<div style=\"height:30px\" aria-hidden=\"true\" class=\"wp-block-spacer\"><\/div>\n\n<p>Creemos que todas las organizaciones deben indicar claramente qu\u00e9 medidas de protecci\u00f3n infantil organizacional han adoptado. Por eso, como parte de la campa\u00f1a #StopAndCheck, hemos publicado aqu\u00ed nuestra propia lista de medidas adoptadas, para demostrar claramente lo que hemos hecho para proteger a los ni\u00f1os, ni\u00f1as y adolescentes con quienes entramos en contacto.<\/p>\n\n<div style=\"height:15px\" aria-hidden=\"true\" class=\"wp-block-spacer\"><\/div>\n\n<p><strong>Una s\u00f3lida pol\u00edtica de protecci\u00f3n infantil organizacional<\/strong><\/p>\n\n<p>La Pol\u00edtica de Protecci\u00f3n Infantil Organizacional de KCS se basa en los Est\u00e1ndares Internacionales de Protecci\u00f3n Infantil Organizacional; la Convenci\u00f3n de la ONU sobre los Derechos del Ni\u00f1o, 1989 (y sus protocolos opcionales); la Declaraci\u00f3n de la ONU sobre la Eliminaci\u00f3n del Abuso y la Explotaci\u00f3n Sexual y todas las convenciones de la ONU relacionadas con la infancia; la legislaci\u00f3n nacional de protecci\u00f3n de la infancia de los pa\u00edses en los que trabajamos y las buenas pr\u00e1cticas internacionales. La pol\u00edtica de protecci\u00f3n infantil organizacional de KCS fue aprobada por el Consejo de Administraci\u00f3n de Keeping Children Safe en enero de 2011 y se revisa anualmente, a menos que los cambios en la legislaci\u00f3n o las orientaciones sobre buenas pr\u00e1cticas obliguen a una revisi\u00f3n m\u00e1s temprana.<\/p>\n\n<div style=\"height:15px\" aria-hidden=\"true\" class=\"wp-block-spacer\"><\/div>\n\n<p><strong>Detalles de c\u00f3mo se comunica la pol\u00edtica a ni\u00f1os, ni\u00f1as y adolescentes, para que entiendan sus derechos y c\u00f3mo denunciar abusos.<\/strong><\/p>\n\n<p>KCS cuenta con una versi\u00f3n adaptada a los ni\u00f1os, ni\u00f1as y adolescentes de nuestra principal pol\u00edtica de protecci\u00f3n infantil que comunica las complejidades de la pol\u00edtica de una manera que los ni\u00f1os y ni\u00f1as puedan entender. Garantiza que conozcan su derecho a la seguridad, ayuda a explicar e identificar posibles problem\u00e1ticas, saber qu\u00e9 deben hacer ante ellas y qu\u00e9 pueden esperar cuando buscan ayuda.<\/p>\n\n<div style=\"height:15px\" aria-hidden=\"true\" class=\"wp-block-spacer\"><\/div>\n\n<p><strong>Formas seguras para que ni\u00f1os, ni\u00f1as, adolescentes y adultos denuncien abusos<\/strong><\/p>\n\n<p>Los problemas de seguridad pueden comunicarse a KCS por correo electr\u00f3nico a: safeguarding@keepingchildrensafe.global.<\/p>\n\n<p>Por carta a la direcci\u00f3n de nuestra oficina o por tel\u00e9fono: +44 (0) 20 7250 8325. A nuestro Punto Focal de Protecci\u00f3n Infantil Organizacional, Stefan Yordanov o a cualquier miembro del Comit\u00e9 de Protecci\u00f3n de KCS.<\/p>\n\n<p>Todos los miembros del equipo de KCS han recibido formaci\u00f3n sobre protecci\u00f3n infantil organizacional y puede ponerse en contacto con cualquiera de ellos si necesita ayuda.<\/p>\n\n<p>S\u00f3lo compartiremos informaci\u00f3n identificativa sobre los ni\u00f1os, ni\u00f1as y adolescentes cuando sea necesario.<\/p>\n\n<p>Protegeremos a nuestro personal, en la medida de lo posible, de la victimizaci\u00f3n o de cualquier otro trato perjudicial en caso de que planteen denuncias serias, siempre que las denuncias se planteen de buena fe.<\/p>\n\n<p>Exigimos que el objeto de la denuncia (presunto autor) y todos los testigos cooperen plena y abiertamente con las investigaciones y audiencias internas y legales. Se proteger\u00e1 su confidencialidad en la medida de lo posible, y la informaci\u00f3n que pueda identificarles s\u00f3lo se compartir\u00e1 cuando sea necesario.<\/p>\n\n<div style=\"height:15px\" aria-hidden=\"true\" class=\"wp-block-spacer\"><\/div>\n\n<p><strong>El compromiso de actuar siempre en el inter\u00e9s superior del ni\u00f1o, ni\u00f1a o adolescente.<\/strong><\/p>\n\n<p>KCS tiene la responsabilidad de garantizar que su personal, sus operaciones y sus programas no perjudiquen a ni\u00f1os, ni\u00f1as y adolescentes, es decir, que no los expongan al riesgo de sufrir da\u00f1os y abusos, y que cualquier preocupaci\u00f3n sobre su seguridad en las comunidades en las que trabajamos se comunique a las autoridades competentes. Llevamos a cabo ejercicios de mapeo local para garantizar que se identifican las mejores v\u00edas para informar y garantizar la seguridad de las infancias en caso de que surja la necesidad de informar sobre un incidente.<\/p>\n\n<p>Algunos de nuestros principios rectores:<\/p>\n\n<ol class=\"wp-block-list\">\n<li>Todos los ni\u00f1os, ni\u00f1as y adolescentes tienen los mismos derechos a la protecci\u00f3n frente al da\u00f1o.<\/li>\n\n\n\n<li>Todas las personas tienen la responsabilidad de apoyar la protecci\u00f3n de las infancias y adolescencias.<\/li>\n\n\n\n<li>KCS tiene el deber de cuidar a los ni\u00f1os, ni\u00f1as y adolescentes con quienes trabaja, est\u00e1 en contacto o que afecta con su trabajo y operaciones.<\/li>\n\n\n\n<li>KCS tiene la responsabilidad de ayudar a sus socios a cumplir los requisitos m\u00ednimos de protecci\u00f3n organizacional.<\/li>\n\n\n\n<li>Todas las medidas relativas a la protecci\u00f3n infantil se adoptan teniendo en cuenta el inter\u00e9s superior del ni\u00f1o, ni\u00f1a o adolescente, que es primordial.<\/li>\n<\/ol>\n\n<div style=\"height:15px\" aria-hidden=\"true\" class=\"wp-block-spacer\"><\/div>\n\n<p><strong>Una pol\u00edtica de verificaci\u00f3n de antecedentes para impedir que los abusadores trabajen con ni\u00f1os, ni\u00f1as o adolescentes<\/strong><\/p>\n\n<p>KCS siempre lleva a cabo s\u00f3lidas comprobaciones de los antecedentes de todos sus fideicomisarios, personal y personal voluntario. Esto incluye la comprobaci\u00f3n de los antecedentes penales, independientemente del lugar del mundo en el que se encuentre la persona, la obtenci\u00f3n de al menos tres referencias y la comprobaci\u00f3n del historial laboral completo.<\/p>\n\n<div style=\"height:15px\" aria-hidden=\"true\" class=\"wp-block-spacer\"><\/div>\n\n<p><strong>Formaci\u00f3n obligatoria sobre protecci\u00f3n infantil para todos los fideicomisarios, personal y voluntarios.<\/strong><\/p>\n\n<p>KCS hace de esto una prioridad a la hora de iniciar el trabajo con todos los nuevos fideicomisarios, personal y voluntarios. Disponemos de un sistema por el que los fideicomisarios, el personal y los voluntarios de KCS tienen acceso a una formaci\u00f3n peri\u00f3dica sobre protecci\u00f3n infantil adecuada a su funci\u00f3n y responsabilidades, y para garantizar que conocen nuestros mecanismos de denuncia. Nuestro personal, fideicomisarios y voluntarios pueden asistir a todos nuestros cursos de formaci\u00f3n sobre protecci\u00f3n infantil y se les anima a hacerlo.<\/p>\n\n<div style=\"height:15px\" aria-hidden=\"true\" class=\"wp-block-spacer\"><\/div>\n\n<p><strong>Est\u00e1ndares escritos de comportamiento aceptable e inaceptable hacia los ni\u00f1os, ni\u00f1as y adolescentes y desde ellos hacia otros ni\u00f1os, ni\u00f1as y adolescentes.<\/strong><\/p>\n\n<p>Forma parte intr\u00ednseca de nuestra pol\u00edtica de protecci\u00f3n infantil y nuestro C\u00f3digo de Conducta se incorpora como anexo. Todos los administradores, empleados y voluntarios de KCS deben aceptar los t\u00e9rminos y firmar el c\u00f3digo de conducta como condici\u00f3n para su nombramiento.<\/p>\n\n<p>Existen sanciones para las infracciones de nuestra pol\u00edtica de protecci\u00f3n infantil y para el incumplimiento de sus requisitos:<\/p>\n\n<ul class=\"wp-block-list\">\n<li>para el personal de KCS &#8211; medidas disciplinarias que pueden llegar al despido<\/li>\n\n\n\n<li>para los Asociados de KCS &#8211; hasta e incluyendo la terminaci\u00f3n de todas las relaciones, incluyendo acuerdos contractuales y de asociaci\u00f3n con KCS<\/li>\n\n\n\n<li>en su caso, acciones legales o de otro tipo (por ejemplo, la remisi\u00f3n a las autoridades legales para una investigaci\u00f3n penal).<\/li>\n<\/ul>\n\n<div style=\"height:15px\" aria-hidden=\"true\" class=\"wp-block-spacer\"><\/div>\n\n<p><strong>Nombre y datos de contacto de los Puntos Focales de Protecci\u00f3n Infantil Organizacional<\/strong><\/p>\n\n<p>Nuestro Punto Focal PIO es Stefan Yordanov.<\/p>\n\n<p>Los miembros del Comit\u00e9 de Protecci\u00f3n Infantil de KCS son:<\/p>\n\n<ul class=\"wp-block-list\">\n<li>Jon Brown, Administrador<\/li>\n\n\n\n<li>Sarah Blakemore, Directora Ejecutiva<\/li>\n\n\n\n<li>Alex Dressler, Jefe de Est\u00e1ndares y Aprendizaje<\/li>\n\n\n\n<li>Stefan Yordanov, Gestor S\u00e9nior de Programas de Protecci\u00f3n Infantil Organizacional<\/li>\n\n\n\n<li>Helen Carter, Jefa de Finanzas y Operaciones<\/li>\n<\/ul>\n\n<div style=\"height:15px\" aria-hidden=\"true\" class=\"wp-block-spacer\"><\/div>\n\n<p>Correo electr\u00f3nico: safeguarding@keepingchildrensafe.global<\/p>\n\n<p>Tel\u00e9fono: +44 (0) 20 7250 8325<\/p>\n\n<p>\u200b<\/p>\n","protected":false},"excerpt":{"rendered":"<p>El maltrato infantil en las organizaciones puede prevenirse, pero los agresores pueden aprovechar y aprovechar\u00e1n cualquier brecha en el marco de protecci\u00f3n infantil de una organizaci\u00f3n. Todas las brechas deben cerrarse con medidas de protecci\u00f3n s\u00f3lidas que creen organizaciones m\u00e1s seguras. Creemos que todas las organizaciones deben indicar claramente qu\u00e9 medidas de protecci\u00f3n infantil organizacional [&hellip;]<\/p>\n","protected":false},"author":5,"featured_media":0,"parent":0,"menu_order":0,"comment_status":"closed","ping_status":"closed","template":"","meta":{"_bbp_topic_count":0,"_bbp_reply_count":0,"_bbp_total_topic_count":0,"_bbp_total_reply_count":0,"_bbp_voice_count":0,"_bbp_anonymous_reply_count":0,"_bbp_topic_count_hidden":0,"_bbp_reply_count_hidden":0,"_bbp_forum_subforum_count":0,"site-sidebar-layout":"default","site-content-layout":"","ast-site-content-layout":"default","site-content-style":"default","site-sidebar-style":"default","ast-global-header-display":"","ast-banner-title-visibility":"","ast-main-header-display":"","ast-hfb-above-header-display":"","ast-hfb-below-header-display":"","ast-hfb-mobile-header-display":"","site-post-title":"","ast-breadcrumbs-content":"","ast-featured-img":"","footer-sml-layout":"","ast-disable-related-posts":"","theme-transparent-header-meta":"","adv-header-id-meta":"","stick-header-meta":"","header-above-stick-meta":"","header-main-stick-meta":"","header-below-stick-meta":"","astra-migrate-meta-layouts":"default","ast-page-background-enabled":"default","ast-page-background-meta":{"desktop":{"background-color":"var(--ast-global-color-4)","background-image":"","background-repeat":"repeat","background-position":"center center","background-size":"auto","background-attachment":"scroll","background-type":"","background-media":"","overlay-type":"","overlay-color":"","overlay-opacity":"","overlay-gradient":""},"tablet":{"background-color":"","background-image":"","background-repeat":"repeat","background-position":"center center","background-size":"auto","background-attachment":"scroll","background-type":"","background-media":"","overlay-type":"","overlay-color":"","overlay-opacity":"","overlay-gradient":""},"mobile":{"background-color":"","background-image":"","background-repeat":"repeat","background-position":"center center","background-size":"auto","background-attachment":"scroll","background-type":"","background-media":"","overlay-type":"","overlay-color":"","overlay-opacity":"","overlay-gradient":""}},"ast-content-background-meta":{"desktop":{"background-color":"var(--ast-global-color-5)","background-image":"","background-repeat":"repeat","background-position":"center center","background-size":"auto","background-attachment":"scroll","background-type":"","background-media":"","overlay-type":"","overlay-color":"","overlay-opacity":"","overlay-gradient":""},"tablet":{"background-color":"var(--ast-global-color-5)","background-image":"","background-repeat":"repeat","background-position":"center center","background-size":"auto","background-attachment":"scroll","background-type":"","background-media":"","overlay-type":"","overlay-color":"","overlay-opacity":"","overlay-gradient":""},"mobile":{"background-color":"var(--ast-global-color-5)","background-image":"","background-repeat":"repeat","background-position":"center center","background-size":"auto","background-attachment":"scroll","background-type":"","background-media":"","overlay-type":"","overlay-color":"","overlay-opacity":"","overlay-gradient":""}},"footnotes":""},"class_list":["post-2660","page","type-page","status-publish","hentry"],"yoast_head":"<!-- This site is optimized with the Yoast SEO plugin v27.6 - https:\/\/yoast.com\/product\/yoast-seo-wordpress\/ -->\n<title>Protecci\u00f3n infantil organizacional - KCS Learning<\/title>\n<meta name=\"robots\" content=\"index, follow, max-snippet:-1, max-image-preview:large, max-video-preview:-1\" \/>\n<link rel=\"canonical\" href=\"https:\/\/learning.keepingchildrensafe.global\/es\/proteccion-infantil-organizacional\/\" \/>\n<meta property=\"og:locale\" content=\"es_ES\" \/>\n<meta property=\"og:type\" content=\"article\" \/>\n<meta property=\"og:title\" content=\"Protecci\u00f3n infantil organizacional - KCS Learning\" \/>\n<meta property=\"og:description\" content=\"El maltrato infantil en las organizaciones puede prevenirse, pero los agresores pueden aprovechar y aprovechar\u00e1n cualquier brecha en el marco de protecci\u00f3n infantil de una organizaci\u00f3n. Todas las brechas deben cerrarse con medidas de protecci\u00f3n s\u00f3lidas que creen organizaciones m\u00e1s seguras. Creemos que todas las organizaciones deben indicar claramente qu\u00e9 medidas de protecci\u00f3n infantil organizacional [&hellip;]\" \/>\n<meta property=\"og:url\" content=\"https:\/\/learning.keepingchildrensafe.global\/es\/proteccion-infantil-organizacional\/\" \/>\n<meta property=\"og:site_name\" content=\"KCS Learning\" \/>\n<meta property=\"article:modified_time\" content=\"2023-09-09T03:33:50+00:00\" \/>\n<meta name=\"twitter:card\" content=\"summary_large_image\" \/>\n<meta name=\"twitter:site\" content=\"@keepchildsafe\" \/>\n<meta name=\"twitter:label1\" content=\"Tiempo de lectura\" \/>\n\t<meta name=\"twitter:data1\" content=\"6 minutos\" \/>\n<script type=\"application\/ld+json\" class=\"yoast-schema-graph\">{\"@context\":\"https:\\\/\\\/schema.org\",\"@graph\":[{\"@type\":\"WebPage\",\"@id\":\"https:\\\/\\\/learning.keepingchildrensafe.global\\\/es\\\/proteccion-infantil-organizacional\\\/\",\"url\":\"https:\\\/\\\/learning.keepingchildrensafe.global\\\/es\\\/proteccion-infantil-organizacional\\\/\",\"name\":\"Protecci\u00f3n infantil organizacional - KCS Learning\",\"isPartOf\":{\"@id\":\"https:\\\/\\\/learning.keepingchildrensafe.global\\\/es\\\/#website\"},\"datePublished\":\"2023-04-05T17:52:54+00:00\",\"dateModified\":\"2023-09-09T03:33:50+00:00\",\"breadcrumb\":{\"@id\":\"https:\\\/\\\/learning.keepingchildrensafe.global\\\/es\\\/proteccion-infantil-organizacional\\\/#breadcrumb\"},\"inLanguage\":\"es\",\"potentialAction\":[{\"@type\":\"ReadAction\",\"target\":[\"https:\\\/\\\/learning.keepingchildrensafe.global\\\/es\\\/proteccion-infantil-organizacional\\\/\"]}]},{\"@type\":\"BreadcrumbList\",\"@id\":\"https:\\\/\\\/learning.keepingchildrensafe.global\\\/es\\\/proteccion-infantil-organizacional\\\/#breadcrumb\",\"itemListElement\":[{\"@type\":\"ListItem\",\"position\":1,\"name\":\"Home\",\"item\":\"https:\\\/\\\/learning.keepingchildrensafe.global\\\/es\\\/\"},{\"@type\":\"ListItem\",\"position\":2,\"name\":\"Protecci\u00f3n infantil organizacional\"}]},{\"@type\":\"WebSite\",\"@id\":\"https:\\\/\\\/learning.keepingchildrensafe.global\\\/es\\\/#website\",\"url\":\"https:\\\/\\\/learning.keepingchildrensafe.global\\\/es\\\/\",\"name\":\"KCS Learning\",\"description\":\"Learn all about child safeguarding\",\"publisher\":{\"@id\":\"https:\\\/\\\/learning.keepingchildrensafe.global\\\/es\\\/#organization\"},\"potentialAction\":[{\"@type\":\"SearchAction\",\"target\":{\"@type\":\"EntryPoint\",\"urlTemplate\":\"https:\\\/\\\/learning.keepingchildrensafe.global\\\/es\\\/?s={search_term_string}\"},\"query-input\":{\"@type\":\"PropertyValueSpecification\",\"valueRequired\":true,\"valueName\":\"search_term_string\"}}],\"inLanguage\":\"es\"},{\"@type\":\"Organization\",\"@id\":\"https:\\\/\\\/learning.keepingchildrensafe.global\\\/es\\\/#organization\",\"name\":\"KCS Learning\",\"url\":\"https:\\\/\\\/learning.keepingchildrensafe.global\\\/es\\\/\",\"logo\":{\"@type\":\"ImageObject\",\"inLanguage\":\"es\",\"@id\":\"https:\\\/\\\/learning.keepingchildrensafe.global\\\/es\\\/#\\\/schema\\\/logo\\\/image\\\/\",\"url\":\"https:\\\/\\\/learning.keepingchildrensafe.global\\\/wp-content\\\/uploads\\\/2025\\\/03\\\/kcs-header-logo-1.png\",\"contentUrl\":\"https:\\\/\\\/learning.keepingchildrensafe.global\\\/wp-content\\\/uploads\\\/2025\\\/03\\\/kcs-header-logo-1.png\",\"width\":500,\"height\":53,\"caption\":\"KCS Learning\"},\"image\":{\"@id\":\"https:\\\/\\\/learning.keepingchildrensafe.global\\\/es\\\/#\\\/schema\\\/logo\\\/image\\\/\"},\"sameAs\":[\"https:\\\/\\\/x.com\\\/keepchildsafe\",\"https:\\\/\\\/www.linkedin.com\\\/company\\\/keepingchildrensafe\\\/\",\"https:\\\/\\\/vimeo.com\\\/keepingchildrensafe\"]}]}<\/script>\n<!-- \/ Yoast SEO plugin. -->","yoast_head_json":{"title":"Protecci\u00f3n infantil organizacional - KCS Learning","robots":{"index":"index","follow":"follow","max-snippet":"max-snippet:-1","max-image-preview":"max-image-preview:large","max-video-preview":"max-video-preview:-1"},"canonical":"https:\/\/learning.keepingchildrensafe.global\/es\/proteccion-infantil-organizacional\/","og_locale":"es_ES","og_type":"article","og_title":"Protecci\u00f3n infantil organizacional - KCS Learning","og_description":"El maltrato infantil en las organizaciones puede prevenirse, pero los agresores pueden aprovechar y aprovechar\u00e1n cualquier brecha en el marco de protecci\u00f3n infantil de una organizaci\u00f3n. Todas las brechas deben cerrarse con medidas de protecci\u00f3n s\u00f3lidas que creen organizaciones m\u00e1s seguras. Creemos que todas las organizaciones deben indicar claramente qu\u00e9 medidas de protecci\u00f3n infantil organizacional [&hellip;]","og_url":"https:\/\/learning.keepingchildrensafe.global\/es\/proteccion-infantil-organizacional\/","og_site_name":"KCS Learning","article_modified_time":"2023-09-09T03:33:50+00:00","twitter_card":"summary_large_image","twitter_site":"@keepchildsafe","twitter_misc":{"Tiempo de lectura":"6 minutos"},"schema":{"@context":"https:\/\/schema.org","@graph":[{"@type":"WebPage","@id":"https:\/\/learning.keepingchildrensafe.global\/es\/proteccion-infantil-organizacional\/","url":"https:\/\/learning.keepingchildrensafe.global\/es\/proteccion-infantil-organizacional\/","name":"Protecci\u00f3n infantil organizacional - KCS Learning","isPartOf":{"@id":"https:\/\/learning.keepingchildrensafe.global\/es\/#website"},"datePublished":"2023-04-05T17:52:54+00:00","dateModified":"2023-09-09T03:33:50+00:00","breadcrumb":{"@id":"https:\/\/learning.keepingchildrensafe.global\/es\/proteccion-infantil-organizacional\/#breadcrumb"},"inLanguage":"es","potentialAction":[{"@type":"ReadAction","target":["https:\/\/learning.keepingchildrensafe.global\/es\/proteccion-infantil-organizacional\/"]}]},{"@type":"BreadcrumbList","@id":"https:\/\/learning.keepingchildrensafe.global\/es\/proteccion-infantil-organizacional\/#breadcrumb","itemListElement":[{"@type":"ListItem","position":1,"name":"Home","item":"https:\/\/learning.keepingchildrensafe.global\/es\/"},{"@type":"ListItem","position":2,"name":"Protecci\u00f3n infantil organizacional"}]},{"@type":"WebSite","@id":"https:\/\/learning.keepingchildrensafe.global\/es\/#website","url":"https:\/\/learning.keepingchildrensafe.global\/es\/","name":"KCS Learning","description":"Learn all about child safeguarding","publisher":{"@id":"https:\/\/learning.keepingchildrensafe.global\/es\/#organization"},"potentialAction":[{"@type":"SearchAction","target":{"@type":"EntryPoint","urlTemplate":"https:\/\/learning.keepingchildrensafe.global\/es\/?s={search_term_string}"},"query-input":{"@type":"PropertyValueSpecification","valueRequired":true,"valueName":"search_term_string"}}],"inLanguage":"es"},{"@type":"Organization","@id":"https:\/\/learning.keepingchildrensafe.global\/es\/#organization","name":"KCS Learning","url":"https:\/\/learning.keepingchildrensafe.global\/es\/","logo":{"@type":"ImageObject","inLanguage":"es","@id":"https:\/\/learning.keepingchildrensafe.global\/es\/#\/schema\/logo\/image\/","url":"https:\/\/learning.keepingchildrensafe.global\/wp-content\/uploads\/2025\/03\/kcs-header-logo-1.png","contentUrl":"https:\/\/learning.keepingchildrensafe.global\/wp-content\/uploads\/2025\/03\/kcs-header-logo-1.png","width":500,"height":53,"caption":"KCS Learning"},"image":{"@id":"https:\/\/learning.keepingchildrensafe.global\/es\/#\/schema\/logo\/image\/"},"sameAs":["https:\/\/x.com\/keepchildsafe","https:\/\/www.linkedin.com\/company\/keepingchildrensafe\/","https:\/\/vimeo.com\/keepingchildrensafe"]}]}},"_links":{"self":[{"href":"https:\/\/learning.keepingchildrensafe.global\/es\/wp-json\/wp\/v2\/pages\/2660","targetHints":{"allow":["GET"]}}],"collection":[{"href":"https:\/\/learning.keepingchildrensafe.global\/es\/wp-json\/wp\/v2\/pages"}],"about":[{"href":"https:\/\/learning.keepingchildrensafe.global\/es\/wp-json\/wp\/v2\/types\/page"}],"author":[{"embeddable":true,"href":"https:\/\/learning.keepingchildrensafe.global\/es\/wp-json\/wp\/v2\/users\/5"}],"replies":[{"embeddable":true,"href":"https:\/\/learning.keepingchildrensafe.global\/es\/wp-json\/wp\/v2\/comments?post=2660"}],"version-history":[{"count":1,"href":"https:\/\/learning.keepingchildrensafe.global\/es\/wp-json\/wp\/v2\/pages\/2660\/revisions"}],"predecessor-version":[{"id":2661,"href":"https:\/\/learning.keepingchildrensafe.global\/es\/wp-json\/wp\/v2\/pages\/2660\/revisions\/2661"}],"wp:attachment":[{"href":"https:\/\/learning.keepingchildrensafe.global\/es\/wp-json\/wp\/v2\/media?parent=2660"}],"curies":[{"name":"wp","href":"https:\/\/api.w.org\/{rel}","templated":true}]}}