{"id":2669,"date":"2023-02-08T12:07:14","date_gmt":"2023-02-08T12:07:14","guid":{"rendered":"https:\/\/learning.keepingchildrensafe.global\/cursos-personalizados\/"},"modified":"2023-12-22T18:45:37","modified_gmt":"2023-12-22T18:45:37","slug":"cursos-personalizados","status":"publish","type":"page","link":"https:\/\/learning.keepingchildrensafe.global\/es\/inicio\/cursos-personalizados\/","title":{"rendered":"Cursos personalizados"},"content":{"rendered":"\n<div style=\"height:60px\" aria-hidden=\"true\" class=\"wp-block-spacer\"><\/div>\n\n\n\n<p class=\"has-medium-font-size\">Cursos a medida para su organizaci\u00f3n<\/p>\n\n\n\n<div style=\"height:60px\" aria-hidden=\"true\" class=\"wp-block-spacer\"><\/div>\n\n\n\n<p>El equipo de KCS Learning puede ayudarle: desde cursos introductorios en l\u00ednea breves y autoguiados hasta la creaci\u00f3n de un plan de estudios completo e interactivo sobre protecci\u00f3n infantil para profesionales con experiencia, en ingl\u00e9s, franc\u00e9s o espa\u00f1ol. Los cursos pueden alojarse en la plataforma KCS Learning o en su propio sistema de gesti\u00f3n del aprendizaje. <\/p>\n\n\n\n<div style=\"height:5px\" aria-hidden=\"true\" class=\"wp-block-spacer\"><\/div>\n\n\n\n<div style=\"height:5px\" aria-hidden=\"true\" class=\"wp-block-spacer\"><\/div>\n\n\n\n<p>P\u00f3ngase en contacto con nuestro equipo para solicitar m\u00e1s informaci\u00f3n.<\/p>\n\n\n\n<div style=\"height:90px\" aria-hidden=\"true\" class=\"wp-block-spacer\"><\/div>\n","protected":false},"excerpt":{"rendered":"<p>Cursos a medida para su organizaci\u00f3n El equipo de KCS Learning puede ayudarle: desde cursos introductorios en l\u00ednea breves y autoguiados hasta la creaci\u00f3n de un plan de estudios completo e interactivo sobre protecci\u00f3n infantil para profesionales con experiencia, en ingl\u00e9s, franc\u00e9s o espa\u00f1ol. Los cursos pueden alojarse en la plataforma KCS Learning o en [&hellip;]<\/p>\n","protected":false},"author":5,"featured_media":0,"parent":2779,"menu_order":0,"comment_status":"closed","ping_status":"closed","template":"","meta":{"_bbp_topic_count":0,"_bbp_reply_count":0,"_bbp_total_topic_count":0,"_bbp_total_reply_count":0,"_bbp_voice_count":0,"_bbp_anonymous_reply_count":0,"_bbp_topic_count_hidden":0,"_bbp_reply_count_hidden":0,"_bbp_forum_subforum_count":0,"site-sidebar-layout":"default","site-content-layout":"","ast-site-content-layout":"default","site-content-style":"default","site-sidebar-style":"default","ast-global-header-display":"","ast-banner-title-visibility":"","ast-main-header-display":"","ast-hfb-above-header-display":"","ast-hfb-below-header-display":"","ast-hfb-mobile-header-display":"","site-post-title":"","ast-breadcrumbs-content":"","ast-featured-img":"","footer-sml-layout":"","ast-disable-related-posts":"","theme-transparent-header-meta":"","adv-header-id-meta":"","stick-header-meta":"","header-above-stick-meta":"","header-main-stick-meta":"","header-below-stick-meta":"","astra-migrate-meta-layouts":"set","ast-page-background-enabled":"default","ast-page-background-meta":{"desktop":{"background-color":"var(--ast-global-color-4)","background-image":"","background-repeat":"repeat","background-position":"center center","background-size":"auto","background-attachment":"scroll","background-type":"","background-media":"","overlay-type":"","overlay-color":"","overlay-opacity":"","overlay-gradient":""},"tablet":{"background-color":"","background-image":"","background-repeat":"repeat","background-position":"center center","background-size":"auto","background-attachment":"scroll","background-type":"","background-media":"","overlay-type":"","overlay-color":"","overlay-opacity":"","overlay-gradient":""},"mobile":{"background-color":"","background-image":"","background-repeat":"repeat","background-position":"center center","background-size":"auto","background-attachment":"scroll","background-type":"","background-media":"","overlay-type":"","overlay-color":"","overlay-opacity":"","overlay-gradient":""}},"ast-content-background-meta":{"desktop":{"background-color":"var(--ast-global-color-5)","background-image":"","background-repeat":"repeat","background-position":"center center","background-size":"auto","background-attachment":"scroll","background-type":"","background-media":"","overlay-type":"","overlay-color":"","overlay-opacity":"","overlay-gradient":""},"tablet":{"background-color":"var(--ast-global-color-5)","background-image":"","background-repeat":"repeat","background-position":"center center","background-size":"auto","background-attachment":"scroll","background-type":"","background-media":"","overlay-type":"","overlay-color":"","overlay-opacity":"","overlay-gradient":""},"mobile":{"background-color":"var(--ast-global-color-5)","background-image":"","background-repeat":"repeat","background-position":"center center","background-size":"auto","background-attachment":"scroll","background-type":"","background-media":"","overlay-type":"","overlay-color":"","overlay-opacity":"","overlay-gradient":""}},"footnotes":""},"class_list":["post-2669","page","type-page","status-publish","hentry"],"yoast_head":"<!-- This site is optimized with the Yoast SEO plugin v27.4 - https:\/\/yoast.com\/product\/yoast-seo-wordpress\/ -->\n<title>Cursos personalizados - KCS Learning<\/title>\n<meta name=\"robots\" content=\"index, follow, max-snippet:-1, max-image-preview:large, max-video-preview:-1\" \/>\n<link rel=\"canonical\" href=\"https:\/\/learning.keepingchildrensafe.global\/es\/inicio\/cursos-personalizados\/\" \/>\n<meta property=\"og:locale\" content=\"es_ES\" \/>\n<meta property=\"og:type\" content=\"article\" \/>\n<meta property=\"og:title\" content=\"Cursos personalizados - KCS Learning\" \/>\n<meta property=\"og:description\" content=\"Cursos a medida para su organizaci\u00f3n El equipo de KCS Learning puede ayudarle: desde cursos introductorios en l\u00ednea breves y autoguiados hasta la creaci\u00f3n de un plan de estudios completo e interactivo sobre protecci\u00f3n infantil para profesionales con experiencia, en ingl\u00e9s, franc\u00e9s o espa\u00f1ol. Los cursos pueden alojarse en la plataforma KCS Learning o en [&hellip;]\" \/>\n<meta property=\"og:url\" content=\"https:\/\/learning.keepingchildrensafe.global\/es\/inicio\/cursos-personalizados\/\" \/>\n<meta property=\"og:site_name\" content=\"KCS Learning\" \/>\n<meta property=\"article:modified_time\" content=\"2023-12-22T18:45:37+00:00\" \/>\n<meta name=\"twitter:card\" content=\"summary_large_image\" \/>\n<meta name=\"twitter:site\" content=\"@keepchildsafe\" \/>\n<meta name=\"twitter:label1\" content=\"Tiempo de lectura\" \/>\n\t<meta name=\"twitter:data1\" content=\"1 minuto\" \/>\n<script type=\"application\/ld+json\" class=\"yoast-schema-graph\">{\"@context\":\"https:\\\/\\\/schema.org\",\"@graph\":[{\"@type\":\"WebPage\",\"@id\":\"https:\\\/\\\/learning.keepingchildrensafe.global\\\/es\\\/inicio\\\/cursos-personalizados\\\/\",\"url\":\"https:\\\/\\\/learning.keepingchildrensafe.global\\\/es\\\/inicio\\\/cursos-personalizados\\\/\",\"name\":\"Cursos personalizados - KCS Learning\",\"isPartOf\":{\"@id\":\"https:\\\/\\\/learning.keepingchildrensafe.global\\\/es\\\/#website\"},\"datePublished\":\"2023-02-08T12:07:14+00:00\",\"dateModified\":\"2023-12-22T18:45:37+00:00\",\"breadcrumb\":{\"@id\":\"https:\\\/\\\/learning.keepingchildrensafe.global\\\/es\\\/inicio\\\/cursos-personalizados\\\/#breadcrumb\"},\"inLanguage\":\"es\",\"potentialAction\":[{\"@type\":\"ReadAction\",\"target\":[\"https:\\\/\\\/learning.keepingchildrensafe.global\\\/es\\\/inicio\\\/cursos-personalizados\\\/\"]}]},{\"@type\":\"BreadcrumbList\",\"@id\":\"https:\\\/\\\/learning.keepingchildrensafe.global\\\/es\\\/inicio\\\/cursos-personalizados\\\/#breadcrumb\",\"itemListElement\":[{\"@type\":\"ListItem\",\"position\":1,\"name\":\"Home\",\"item\":\"https:\\\/\\\/learning.keepingchildrensafe.global\\\/es\\\/\"},{\"@type\":\"ListItem\",\"position\":2,\"name\":\"Inicio\",\"item\":\"https:\\\/\\\/learning.keepingchildrensafe.global\\\/es\\\/\"},{\"@type\":\"ListItem\",\"position\":3,\"name\":\"Cursos personalizados\"}]},{\"@type\":\"WebSite\",\"@id\":\"https:\\\/\\\/learning.keepingchildrensafe.global\\\/es\\\/#website\",\"url\":\"https:\\\/\\\/learning.keepingchildrensafe.global\\\/es\\\/\",\"name\":\"KCS Learning\",\"description\":\"Learn all about child safeguarding\",\"publisher\":{\"@id\":\"https:\\\/\\\/learning.keepingchildrensafe.global\\\/es\\\/#organization\"},\"potentialAction\":[{\"@type\":\"SearchAction\",\"target\":{\"@type\":\"EntryPoint\",\"urlTemplate\":\"https:\\\/\\\/learning.keepingchildrensafe.global\\\/es\\\/?s={search_term_string}\"},\"query-input\":{\"@type\":\"PropertyValueSpecification\",\"valueRequired\":true,\"valueName\":\"search_term_string\"}}],\"inLanguage\":\"es\"},{\"@type\":\"Organization\",\"@id\":\"https:\\\/\\\/learning.keepingchildrensafe.global\\\/es\\\/#organization\",\"name\":\"KCS Learning\",\"url\":\"https:\\\/\\\/learning.keepingchildrensafe.global\\\/es\\\/\",\"logo\":{\"@type\":\"ImageObject\",\"inLanguage\":\"es\",\"@id\":\"https:\\\/\\\/learning.keepingchildrensafe.global\\\/es\\\/#\\\/schema\\\/logo\\\/image\\\/\",\"url\":\"https:\\\/\\\/learning.keepingchildrensafe.global\\\/wp-content\\\/uploads\\\/2025\\\/03\\\/kcs-header-logo-1.png\",\"contentUrl\":\"https:\\\/\\\/learning.keepingchildrensafe.global\\\/wp-content\\\/uploads\\\/2025\\\/03\\\/kcs-header-logo-1.png\",\"width\":500,\"height\":53,\"caption\":\"KCS Learning\"},\"image\":{\"@id\":\"https:\\\/\\\/learning.keepingchildrensafe.global\\\/es\\\/#\\\/schema\\\/logo\\\/image\\\/\"},\"sameAs\":[\"https:\\\/\\\/x.com\\\/keepchildsafe\",\"https:\\\/\\\/www.linkedin.com\\\/company\\\/keepingchildrensafe\\\/\",\"https:\\\/\\\/vimeo.com\\\/keepingchildrensafe\"]}]}<\/script>\n<!-- \/ Yoast SEO plugin. -->","yoast_head_json":{"title":"Cursos personalizados - KCS Learning","robots":{"index":"index","follow":"follow","max-snippet":"max-snippet:-1","max-image-preview":"max-image-preview:large","max-video-preview":"max-video-preview:-1"},"canonical":"https:\/\/learning.keepingchildrensafe.global\/es\/inicio\/cursos-personalizados\/","og_locale":"es_ES","og_type":"article","og_title":"Cursos personalizados - KCS Learning","og_description":"Cursos a medida para su organizaci\u00f3n El equipo de KCS Learning puede ayudarle: desde cursos introductorios en l\u00ednea breves y autoguiados hasta la creaci\u00f3n de un plan de estudios completo e interactivo sobre protecci\u00f3n infantil para profesionales con experiencia, en ingl\u00e9s, franc\u00e9s o espa\u00f1ol. Los cursos pueden alojarse en la plataforma KCS Learning o en [&hellip;]","og_url":"https:\/\/learning.keepingchildrensafe.global\/es\/inicio\/cursos-personalizados\/","og_site_name":"KCS Learning","article_modified_time":"2023-12-22T18:45:37+00:00","twitter_card":"summary_large_image","twitter_site":"@keepchildsafe","twitter_misc":{"Tiempo de lectura":"1 minuto"},"schema":{"@context":"https:\/\/schema.org","@graph":[{"@type":"WebPage","@id":"https:\/\/learning.keepingchildrensafe.global\/es\/inicio\/cursos-personalizados\/","url":"https:\/\/learning.keepingchildrensafe.global\/es\/inicio\/cursos-personalizados\/","name":"Cursos personalizados - KCS Learning","isPartOf":{"@id":"https:\/\/learning.keepingchildrensafe.global\/es\/#website"},"datePublished":"2023-02-08T12:07:14+00:00","dateModified":"2023-12-22T18:45:37+00:00","breadcrumb":{"@id":"https:\/\/learning.keepingchildrensafe.global\/es\/inicio\/cursos-personalizados\/#breadcrumb"},"inLanguage":"es","potentialAction":[{"@type":"ReadAction","target":["https:\/\/learning.keepingchildrensafe.global\/es\/inicio\/cursos-personalizados\/"]}]},{"@type":"BreadcrumbList","@id":"https:\/\/learning.keepingchildrensafe.global\/es\/inicio\/cursos-personalizados\/#breadcrumb","itemListElement":[{"@type":"ListItem","position":1,"name":"Home","item":"https:\/\/learning.keepingchildrensafe.global\/es\/"},{"@type":"ListItem","position":2,"name":"Inicio","item":"https:\/\/learning.keepingchildrensafe.global\/es\/"},{"@type":"ListItem","position":3,"name":"Cursos personalizados"}]},{"@type":"WebSite","@id":"https:\/\/learning.keepingchildrensafe.global\/es\/#website","url":"https:\/\/learning.keepingchildrensafe.global\/es\/","name":"KCS Learning","description":"Learn all about child safeguarding","publisher":{"@id":"https:\/\/learning.keepingchildrensafe.global\/es\/#organization"},"potentialAction":[{"@type":"SearchAction","target":{"@type":"EntryPoint","urlTemplate":"https:\/\/learning.keepingchildrensafe.global\/es\/?s={search_term_string}"},"query-input":{"@type":"PropertyValueSpecification","valueRequired":true,"valueName":"search_term_string"}}],"inLanguage":"es"},{"@type":"Organization","@id":"https:\/\/learning.keepingchildrensafe.global\/es\/#organization","name":"KCS Learning","url":"https:\/\/learning.keepingchildrensafe.global\/es\/","logo":{"@type":"ImageObject","inLanguage":"es","@id":"https:\/\/learning.keepingchildrensafe.global\/es\/#\/schema\/logo\/image\/","url":"https:\/\/learning.keepingchildrensafe.global\/wp-content\/uploads\/2025\/03\/kcs-header-logo-1.png","contentUrl":"https:\/\/learning.keepingchildrensafe.global\/wp-content\/uploads\/2025\/03\/kcs-header-logo-1.png","width":500,"height":53,"caption":"KCS Learning"},"image":{"@id":"https:\/\/learning.keepingchildrensafe.global\/es\/#\/schema\/logo\/image\/"},"sameAs":["https:\/\/x.com\/keepchildsafe","https:\/\/www.linkedin.com\/company\/keepingchildrensafe\/","https:\/\/vimeo.com\/keepingchildrensafe"]}]}},"_links":{"self":[{"href":"https:\/\/learning.keepingchildrensafe.global\/es\/wp-json\/wp\/v2\/pages\/2669","targetHints":{"allow":["GET"]}}],"collection":[{"href":"https:\/\/learning.keepingchildrensafe.global\/es\/wp-json\/wp\/v2\/pages"}],"about":[{"href":"https:\/\/learning.keepingchildrensafe.global\/es\/wp-json\/wp\/v2\/types\/page"}],"author":[{"embeddable":true,"href":"https:\/\/learning.keepingchildrensafe.global\/es\/wp-json\/wp\/v2\/users\/5"}],"replies":[{"embeddable":true,"href":"https:\/\/learning.keepingchildrensafe.global\/es\/wp-json\/wp\/v2\/comments?post=2669"}],"version-history":[{"count":7,"href":"https:\/\/learning.keepingchildrensafe.global\/es\/wp-json\/wp\/v2\/pages\/2669\/revisions"}],"predecessor-version":[{"id":3112,"href":"https:\/\/learning.keepingchildrensafe.global\/es\/wp-json\/wp\/v2\/pages\/2669\/revisions\/3112"}],"up":[{"embeddable":true,"href":"https:\/\/learning.keepingchildrensafe.global\/es\/wp-json\/wp\/v2\/pages\/2779"}],"wp:attachment":[{"href":"https:\/\/learning.keepingchildrensafe.global\/es\/wp-json\/wp\/v2\/media?parent=2669"}],"curies":[{"name":"wp","href":"https:\/\/api.w.org\/{rel}","templated":true}]}}