{"id":2681,"date":"2022-09-27T02:19:08","date_gmt":"2022-09-27T01:19:08","guid":{"rendered":"https:\/\/learning.keepingchildrensafe.global\/politica-de-privacidad\/"},"modified":"2023-09-09T15:56:17","modified_gmt":"2023-09-09T14:56:17","slug":"politica-de-privacidad","status":"publish","type":"page","link":"https:\/\/learning.keepingchildrensafe.global\/es\/politica-de-privacidad\/","title":{"rendered":"Pol\u00edtica de Privacidad"},"content":{"rendered":"\n<p class=\"has-medium-font-size\">Queremos que nuestros miembros, donantes y colaboradores, as\u00ed como cualquier otra persona que se conecte con nosotros, sepan hasta qu\u00e9 punto est\u00e1n cambiando la vida de ni\u00f1os, ni\u00f1as y adolescentes. Sin embargo, queremos hacerlo de la forma m\u00e1s c\u00f3moda para ustedes.<\/p>\n\n<p class=\"has-medium-font-size\">Por eso, con esta pol\u00edtica de privacidad, Keeping Children Safe quiere ser una organizaci\u00f3n franca y lo m\u00e1s abierta posible. Queremos asegurarle que la privacidad y seguridad de sus datos personales es, y siempre ser\u00e1, enormemente importante para nosotros. Por lo tanto, queremos explicarle de forma transparente c\u00f3mo y por qu\u00e9 recopilamos, almacenamos, compartimos y utilizamos sus datos personales, as\u00ed como describir las opciones que tiene sobre cu\u00e1ndo y c\u00f3mo decide compartir sus datos personales.<\/p>\n\n<p class=\"has-medium-font-size\">Este es nuestro objetivo y la presente Pol\u00edtica de Privacidad explicar\u00e1 exactamente lo que queremos decir con m\u00e1s detalle. Al utilizar el sitio web, usted acepta que recopilemos y utilicemos determinada informaci\u00f3n, tal como se indica a continuaci\u00f3n.<\/p>\n\n<div style=\"height:20px\" aria-hidden=\"true\" class=\"wp-block-spacer\"><\/div>\n\n<h3 class=\"wp-block-heading\"><b>Informaci\u00f3n que podemos recoger<\/b><\/h3>\n\n<p>Cada vez que un usuario visita el sitio web, podemos recopilar determinada informaci\u00f3n que no le identifica personalmente, como la direcci\u00f3n IP del usuario, la URL de referencia, el tipo de navegador y la fecha y hora de la visita. Tambi\u00e9n podemos fusionar dicha informaci\u00f3n recopilada sobre un usuario con la recopilada de otros usuarios para identificar y analizar tendencias con el fin de mejorar el sitio web.<\/p>\n\n<p>Podemos recopilar informaci\u00f3n personal, como nombre, direcci\u00f3n postal, direcci\u00f3n de correo electr\u00f3nico y n\u00famero de tel\u00e9fono, para ponernos en contacto con usted, informarle sobre nuestro trabajo y obtener su apoyo, financiero o de otro tipo, para nuestras actividades.<\/p>\n\n<p>Nos ajustamos al Reglamento General de Protecci\u00f3n de Datos UE 2016\/679 complementado por la Ley de Protecci\u00f3n de Datos de 2018 y otras leyes aplicables. En virtud de esta legislaci\u00f3n, nos comprometemos a comunicarnos con usted \u00fanicamente de las formas para las que nos haya dado su consentimiento. Sus datos se almacenar\u00e1n de forma segura en nuestra base de datos a la que solo pueden acceder los empleados y contratistas acreditados que trabajan para nosotros. El acceso a la base de datos se realiza estrictamente en funci\u00f3n de la necesidad de conocimiento, no est\u00e1 disponible para todos los que trabajan en o con Keeping Children Safe. Sus datos se almacenar\u00e1n de esta manera mientras dure su relaci\u00f3n con nosotros y se borrar\u00e1n o anonimizar\u00e1n transcurridos siete a\u00f1os desde nuestro \u00faltimo contacto con usted. Conservamos los datos durante este periodo porque es el tiempo que HMRC nos obliga a almacenar determinados datos financieros y de transacciones con fines fiscales. Si desea ejercer antes su &#8220;derecho al olvido&#8221;, p\u00f3ngase en contacto con nosotros en el tel\u00e9fono +44 (0)20 7250 8325 o env\u00edenos un correo electr\u00f3nico a: <a href=\"mailto:data.protection@keepingchildrensafe.global\">data.protection@keepingchildrensafe.global<\/a><\/p>\n\n<p>A menos que recibamos su consentimiento, nos comprometemos a no compartir sus datos personales con ninguna organizaci\u00f3n susceptible de ponerse en contacto con usted directamente. De vez en cuando, es necesario que compartamos sus datos con terceros, como empresas de correo, que procesan datos en nuestro nombre. Podemos utilizar agencias de selecci\u00f3n de datos para que nos ayuden a obtener financiaci\u00f3n identificando a aquellas personas que tengan un inter\u00e9s particular en nuestro trabajo, o con capacidad para prestar mayor apoyo. Como peque\u00f1a organizaci\u00f3n ben\u00e9fica, esto es esencial para mejorar nuestro impacto, pero si prefiere que sus datos no se utilicen de esta manera, p\u00f3ngase en contacto con nosotros en el +44 (0)20 7250 8325 o env\u00edenos un correo electr\u00f3nico a:<a href=\"mailto:data.protection@keepingchildrensafe.global\">data.protection@keepingchildrensafe.global<\/a><\/p>\n\n<p>Keeping Children Safe har\u00e1 todos los esfuerzos comercialmente razonables para evitar la p\u00e9rdida o divulgaci\u00f3n no autorizada de informaci\u00f3n. Sin embargo, la seguridad de los datos transmitidos a trav\u00e9s de Internet no puede garantizarse completamente y Keeping Children Safe no ser\u00e1 responsable de ning\u00fan da\u00f1o que los usuarios o terceros puedan sufrir como resultado de una violaci\u00f3n de la seguridad con respecto al uso del sitio web o de cualquier informaci\u00f3n transmitida al sitio.<\/p>\n\n<div style=\"height:15px\" aria-hidden=\"true\" class=\"wp-block-spacer\"><\/div>\n\n<h3 class=\"wp-block-heading\"><b>Informaci\u00f3n de usuarios menores de edad<\/b><\/h3>\n\n<p>El sitio web est\u00e1 destinado a personas adultas y Keeping Children Safe no recopilar\u00e1 conscientemente ninguna informaci\u00f3n personal de ni\u00f1os o ni\u00f1as de 13 a\u00f1os o menos. Si descubrimos o se nos notifica que hemos recopilado cualquier informaci\u00f3n de identificaci\u00f3n personal de un ni\u00f1o o ni\u00f1a menor de 13 a\u00f1os, eliminaremos dicha informaci\u00f3n de nuestros registros tan pronto como sea razonablemente posible.<\/p>\n\n<div style=\"height:15px\" aria-hidden=\"true\" class=\"wp-block-spacer\"><\/div>\n\n<h3 class=\"wp-block-heading\"><b>Cookies<\/b><\/h3>\n\n<p>Las \u00fanicas cookies utilizadas en nuestro sitio web est\u00e1n relacionadas con Google Analytics. Utilizamos Google Analytics para entender qu\u00e9 les gusta a los usuarios de nuestro sitio web y as\u00ed poder mejorar su experiencia.<\/p>\n\n<p>Google Analytics utiliza cookies de origen para realizar un seguimiento de las interacciones de los visitantes. Estas cookies se utilizan para almacenar informaci\u00f3n, como la hora a la que se produjo la visita actual, si el visitante ha visitado el sitio anteriormente y qu\u00e9 sitio web remiti\u00f3 al visitante a la p\u00e1gina web. Los navegadores no comparten cookies de origen entre dominios.<\/p>\n\n<p>Las Condiciones del servicio de Google Analytics, a las que deben adherirse todos los clientes de Analytics, proh\u00edben el seguimiento o la recopilaci\u00f3n de informaci\u00f3n que le identifique personalmente, como su nombre, direcci\u00f3n de correo electr\u00f3nico o informaci\u00f3n de facturaci\u00f3n, u otros datos que puedan relacionarse razonablemente con dicha informaci\u00f3n. Los datos de Google Analytics no se pueden compartir sin el consentimiento del usuario, excepto en determinadas circunstancias limitadas, como cuando as\u00ed lo exija la ley.<\/p>\n\n<div style=\"height:15px\" aria-hidden=\"true\" class=\"wp-block-spacer\"><\/div>\n\n<h3 class=\"wp-block-heading\"><b>Confidencialidad y divulgaci\u00f3n<\/b><\/h3>\n\n<p>Entendemos que parte de la informaci\u00f3n recopilada puede ser de naturaleza sensible o confidencial, y tomaremos todas las medidas razonables para mantener esta informaci\u00f3n en privado. En el caso de que Keeping Children Safe se vea con obligaci\u00f3n por ley o por orden judicial a divulgar la informaci\u00f3n enviada por un usuario, se lo notificaremos, a menos que dicha notificaci\u00f3n est\u00e9 prohibida, para que el usuario pueda oponerse a la divulgaci\u00f3n o tratar de limitarla.<\/p>\n\n<div style=\"height:15px\" aria-hidden=\"true\" class=\"wp-block-spacer\"><\/div>\n\n<h3 class=\"wp-block-heading\"><b>Sitios web de terceros<\/b><\/h3>\n\n<p>El sitio contiene enlaces a sitios web de terceros que no son propiedad ni est\u00e1n bajo el control de Keeping Children Safe. No nos hacemos responsables de las acciones o pol\u00edticas de privacidad de los sitios web de terceros a los que se acceda desde este sitio.<\/p>\n\n<div style=\"height:15px\" aria-hidden=\"true\" class=\"wp-block-spacer\"><\/div>\n\n<h3 class=\"wp-block-heading\"><b>Cambios en esta pol\u00edtica de privacidad<\/b><\/h3>\n\n<p>Nos reservamos el derecho a modificar esta pol\u00edtica de privacidad en cualquier momento; las modificaciones menores se realizar\u00e1n sin previo aviso, pero si se introducen cambios materiales en esta pol\u00edtica, lo notificaremos a los usuarios mediante la publicaci\u00f3n de un aviso en el sitio web. Es responsabilidad de los usuarios del sitio web leer esta pol\u00edtica y revisarla peri\u00f3dicamente.<\/p>\n\n<div style=\"height:90px\" aria-hidden=\"true\" class=\"wp-block-spacer\"><\/div>\n","protected":false},"excerpt":{"rendered":"<p>Queremos que nuestros miembros, donantes y colaboradores, as\u00ed como cualquier otra persona que se conecte con nosotros, sepan hasta qu\u00e9 punto est\u00e1n cambiando la vida de ni\u00f1os, ni\u00f1as y adolescentes. Sin embargo, queremos hacerlo de la forma m\u00e1s c\u00f3moda para ustedes. Por eso, con esta pol\u00edtica de privacidad, Keeping Children Safe quiere ser una organizaci\u00f3n [&hellip;]<\/p>\n","protected":false},"author":436,"featured_media":0,"parent":0,"menu_order":0,"comment_status":"closed","ping_status":"open","template":"","meta":{"_bbp_topic_count":0,"_bbp_reply_count":0,"_bbp_total_topic_count":0,"_bbp_total_reply_count":0,"_bbp_voice_count":0,"_bbp_anonymous_reply_count":0,"_bbp_topic_count_hidden":0,"_bbp_reply_count_hidden":0,"_bbp_forum_subforum_count":0,"site-sidebar-layout":"default","site-content-layout":"","ast-site-content-layout":"default","site-content-style":"default","site-sidebar-style":"default","ast-global-header-display":"","ast-banner-title-visibility":"","ast-main-header-display":"","ast-hfb-above-header-display":"","ast-hfb-below-header-display":"","ast-hfb-mobile-header-display":"","site-post-title":"","ast-breadcrumbs-content":"","ast-featured-img":"","footer-sml-layout":"","ast-disable-related-posts":"","theme-transparent-header-meta":"","adv-header-id-meta":"","stick-header-meta":"","header-above-stick-meta":"","header-main-stick-meta":"","header-below-stick-meta":"","astra-migrate-meta-layouts":"default","ast-page-background-enabled":"default","ast-page-background-meta":{"desktop":{"background-color":"var(--ast-global-color-4)","background-image":"","background-repeat":"repeat","background-position":"center center","background-size":"auto","background-attachment":"scroll","background-type":"","background-media":"","overlay-type":"","overlay-color":"","overlay-opacity":"","overlay-gradient":""},"tablet":{"background-color":"","background-image":"","background-repeat":"repeat","background-position":"center center","background-size":"auto","background-attachment":"scroll","background-type":"","background-media":"","overlay-type":"","overlay-color":"","overlay-opacity":"","overlay-gradient":""},"mobile":{"background-color":"","background-image":"","background-repeat":"repeat","background-position":"center center","background-size":"auto","background-attachment":"scroll","background-type":"","background-media":"","overlay-type":"","overlay-color":"","overlay-opacity":"","overlay-gradient":""}},"ast-content-background-meta":{"desktop":{"background-color":"var(--ast-global-color-5)","background-image":"","background-repeat":"repeat","background-position":"center center","background-size":"auto","background-attachment":"scroll","background-type":"","background-media":"","overlay-type":"","overlay-color":"","overlay-opacity":"","overlay-gradient":""},"tablet":{"background-color":"var(--ast-global-color-5)","background-image":"","background-repeat":"repeat","background-position":"center center","background-size":"auto","background-attachment":"scroll","background-type":"","background-media":"","overlay-type":"","overlay-color":"","overlay-opacity":"","overlay-gradient":""},"mobile":{"background-color":"var(--ast-global-color-5)","background-image":"","background-repeat":"repeat","background-position":"center center","background-size":"auto","background-attachment":"scroll","background-type":"","background-media":"","overlay-type":"","overlay-color":"","overlay-opacity":"","overlay-gradient":""}},"footnotes":""},"class_list":["post-2681","page","type-page","status-publish","hentry"],"yoast_head":"<!-- This site is optimized with the Yoast SEO plugin v27.4 - https:\/\/yoast.com\/product\/yoast-seo-wordpress\/ -->\n<title>Pol\u00edtica de Privacidad - KCS Learning<\/title>\n<meta name=\"robots\" content=\"index, follow, max-snippet:-1, max-image-preview:large, max-video-preview:-1\" \/>\n<link rel=\"canonical\" href=\"https:\/\/learning.keepingchildrensafe.global\/es\/politica-de-privacidad\/\" \/>\n<meta property=\"og:locale\" content=\"es_ES\" \/>\n<meta property=\"og:type\" content=\"article\" \/>\n<meta property=\"og:title\" content=\"Pol\u00edtica de Privacidad - KCS Learning\" \/>\n<meta property=\"og:description\" content=\"Queremos que nuestros miembros, donantes y colaboradores, as\u00ed como cualquier otra persona que se conecte con nosotros, sepan hasta qu\u00e9 punto est\u00e1n cambiando la vida de ni\u00f1os, ni\u00f1as y adolescentes. Sin embargo, queremos hacerlo de la forma m\u00e1s c\u00f3moda para ustedes. Por eso, con esta pol\u00edtica de privacidad, Keeping Children Safe quiere ser una organizaci\u00f3n [&hellip;]\" \/>\n<meta property=\"og:url\" content=\"https:\/\/learning.keepingchildrensafe.global\/es\/politica-de-privacidad\/\" \/>\n<meta property=\"og:site_name\" content=\"KCS Learning\" \/>\n<meta property=\"article:modified_time\" content=\"2023-09-09T14:56:17+00:00\" \/>\n<meta name=\"twitter:card\" content=\"summary_large_image\" \/>\n<meta name=\"twitter:site\" content=\"@keepchildsafe\" \/>\n<meta name=\"twitter:label1\" content=\"Tiempo de lectura\" \/>\n\t<meta name=\"twitter:data1\" content=\"6 minutos\" \/>\n<script type=\"application\/ld+json\" class=\"yoast-schema-graph\">{\"@context\":\"https:\\\/\\\/schema.org\",\"@graph\":[{\"@type\":\"WebPage\",\"@id\":\"https:\\\/\\\/learning.keepingchildrensafe.global\\\/es\\\/politica-de-privacidad\\\/\",\"url\":\"https:\\\/\\\/learning.keepingchildrensafe.global\\\/es\\\/politica-de-privacidad\\\/\",\"name\":\"Pol\u00edtica de Privacidad - KCS Learning\",\"isPartOf\":{\"@id\":\"https:\\\/\\\/learning.keepingchildrensafe.global\\\/es\\\/#website\"},\"datePublished\":\"2022-09-27T01:19:08+00:00\",\"dateModified\":\"2023-09-09T14:56:17+00:00\",\"breadcrumb\":{\"@id\":\"https:\\\/\\\/learning.keepingchildrensafe.global\\\/es\\\/politica-de-privacidad\\\/#breadcrumb\"},\"inLanguage\":\"es\",\"potentialAction\":[{\"@type\":\"ReadAction\",\"target\":[\"https:\\\/\\\/learning.keepingchildrensafe.global\\\/es\\\/politica-de-privacidad\\\/\"]}]},{\"@type\":\"BreadcrumbList\",\"@id\":\"https:\\\/\\\/learning.keepingchildrensafe.global\\\/es\\\/politica-de-privacidad\\\/#breadcrumb\",\"itemListElement\":[{\"@type\":\"ListItem\",\"position\":1,\"name\":\"Home\",\"item\":\"https:\\\/\\\/learning.keepingchildrensafe.global\\\/es\\\/\"},{\"@type\":\"ListItem\",\"position\":2,\"name\":\"Pol\u00edtica de Privacidad\"}]},{\"@type\":\"WebSite\",\"@id\":\"https:\\\/\\\/learning.keepingchildrensafe.global\\\/es\\\/#website\",\"url\":\"https:\\\/\\\/learning.keepingchildrensafe.global\\\/es\\\/\",\"name\":\"KCS Learning\",\"description\":\"Learn all about child safeguarding\",\"publisher\":{\"@id\":\"https:\\\/\\\/learning.keepingchildrensafe.global\\\/es\\\/#organization\"},\"potentialAction\":[{\"@type\":\"SearchAction\",\"target\":{\"@type\":\"EntryPoint\",\"urlTemplate\":\"https:\\\/\\\/learning.keepingchildrensafe.global\\\/es\\\/?s={search_term_string}\"},\"query-input\":{\"@type\":\"PropertyValueSpecification\",\"valueRequired\":true,\"valueName\":\"search_term_string\"}}],\"inLanguage\":\"es\"},{\"@type\":\"Organization\",\"@id\":\"https:\\\/\\\/learning.keepingchildrensafe.global\\\/es\\\/#organization\",\"name\":\"KCS Learning\",\"url\":\"https:\\\/\\\/learning.keepingchildrensafe.global\\\/es\\\/\",\"logo\":{\"@type\":\"ImageObject\",\"inLanguage\":\"es\",\"@id\":\"https:\\\/\\\/learning.keepingchildrensafe.global\\\/es\\\/#\\\/schema\\\/logo\\\/image\\\/\",\"url\":\"https:\\\/\\\/learning.keepingchildrensafe.global\\\/wp-content\\\/uploads\\\/2025\\\/03\\\/kcs-header-logo-1.png\",\"contentUrl\":\"https:\\\/\\\/learning.keepingchildrensafe.global\\\/wp-content\\\/uploads\\\/2025\\\/03\\\/kcs-header-logo-1.png\",\"width\":500,\"height\":53,\"caption\":\"KCS Learning\"},\"image\":{\"@id\":\"https:\\\/\\\/learning.keepingchildrensafe.global\\\/es\\\/#\\\/schema\\\/logo\\\/image\\\/\"},\"sameAs\":[\"https:\\\/\\\/x.com\\\/keepchildsafe\",\"https:\\\/\\\/www.linkedin.com\\\/company\\\/keepingchildrensafe\\\/\",\"https:\\\/\\\/vimeo.com\\\/keepingchildrensafe\"]}]}<\/script>\n<!-- \/ Yoast SEO plugin. -->","yoast_head_json":{"title":"Pol\u00edtica de Privacidad - KCS Learning","robots":{"index":"index","follow":"follow","max-snippet":"max-snippet:-1","max-image-preview":"max-image-preview:large","max-video-preview":"max-video-preview:-1"},"canonical":"https:\/\/learning.keepingchildrensafe.global\/es\/politica-de-privacidad\/","og_locale":"es_ES","og_type":"article","og_title":"Pol\u00edtica de Privacidad - KCS Learning","og_description":"Queremos que nuestros miembros, donantes y colaboradores, as\u00ed como cualquier otra persona que se conecte con nosotros, sepan hasta qu\u00e9 punto est\u00e1n cambiando la vida de ni\u00f1os, ni\u00f1as y adolescentes. Sin embargo, queremos hacerlo de la forma m\u00e1s c\u00f3moda para ustedes. Por eso, con esta pol\u00edtica de privacidad, Keeping Children Safe quiere ser una organizaci\u00f3n [&hellip;]","og_url":"https:\/\/learning.keepingchildrensafe.global\/es\/politica-de-privacidad\/","og_site_name":"KCS Learning","article_modified_time":"2023-09-09T14:56:17+00:00","twitter_card":"summary_large_image","twitter_site":"@keepchildsafe","twitter_misc":{"Tiempo de lectura":"6 minutos"},"schema":{"@context":"https:\/\/schema.org","@graph":[{"@type":"WebPage","@id":"https:\/\/learning.keepingchildrensafe.global\/es\/politica-de-privacidad\/","url":"https:\/\/learning.keepingchildrensafe.global\/es\/politica-de-privacidad\/","name":"Pol\u00edtica de Privacidad - KCS Learning","isPartOf":{"@id":"https:\/\/learning.keepingchildrensafe.global\/es\/#website"},"datePublished":"2022-09-27T01:19:08+00:00","dateModified":"2023-09-09T14:56:17+00:00","breadcrumb":{"@id":"https:\/\/learning.keepingchildrensafe.global\/es\/politica-de-privacidad\/#breadcrumb"},"inLanguage":"es","potentialAction":[{"@type":"ReadAction","target":["https:\/\/learning.keepingchildrensafe.global\/es\/politica-de-privacidad\/"]}]},{"@type":"BreadcrumbList","@id":"https:\/\/learning.keepingchildrensafe.global\/es\/politica-de-privacidad\/#breadcrumb","itemListElement":[{"@type":"ListItem","position":1,"name":"Home","item":"https:\/\/learning.keepingchildrensafe.global\/es\/"},{"@type":"ListItem","position":2,"name":"Pol\u00edtica de Privacidad"}]},{"@type":"WebSite","@id":"https:\/\/learning.keepingchildrensafe.global\/es\/#website","url":"https:\/\/learning.keepingchildrensafe.global\/es\/","name":"KCS Learning","description":"Learn all about child safeguarding","publisher":{"@id":"https:\/\/learning.keepingchildrensafe.global\/es\/#organization"},"potentialAction":[{"@type":"SearchAction","target":{"@type":"EntryPoint","urlTemplate":"https:\/\/learning.keepingchildrensafe.global\/es\/?s={search_term_string}"},"query-input":{"@type":"PropertyValueSpecification","valueRequired":true,"valueName":"search_term_string"}}],"inLanguage":"es"},{"@type":"Organization","@id":"https:\/\/learning.keepingchildrensafe.global\/es\/#organization","name":"KCS Learning","url":"https:\/\/learning.keepingchildrensafe.global\/es\/","logo":{"@type":"ImageObject","inLanguage":"es","@id":"https:\/\/learning.keepingchildrensafe.global\/es\/#\/schema\/logo\/image\/","url":"https:\/\/learning.keepingchildrensafe.global\/wp-content\/uploads\/2025\/03\/kcs-header-logo-1.png","contentUrl":"https:\/\/learning.keepingchildrensafe.global\/wp-content\/uploads\/2025\/03\/kcs-header-logo-1.png","width":500,"height":53,"caption":"KCS Learning"},"image":{"@id":"https:\/\/learning.keepingchildrensafe.global\/es\/#\/schema\/logo\/image\/"},"sameAs":["https:\/\/x.com\/keepchildsafe","https:\/\/www.linkedin.com\/company\/keepingchildrensafe\/","https:\/\/vimeo.com\/keepingchildrensafe"]}]}},"_links":{"self":[{"href":"https:\/\/learning.keepingchildrensafe.global\/es\/wp-json\/wp\/v2\/pages\/2681","targetHints":{"allow":["GET"]}}],"collection":[{"href":"https:\/\/learning.keepingchildrensafe.global\/es\/wp-json\/wp\/v2\/pages"}],"about":[{"href":"https:\/\/learning.keepingchildrensafe.global\/es\/wp-json\/wp\/v2\/types\/page"}],"author":[{"embeddable":true,"href":"https:\/\/learning.keepingchildrensafe.global\/es\/wp-json\/wp\/v2\/users\/436"}],"replies":[{"embeddable":true,"href":"https:\/\/learning.keepingchildrensafe.global\/es\/wp-json\/wp\/v2\/comments?post=2681"}],"version-history":[{"count":1,"href":"https:\/\/learning.keepingchildrensafe.global\/es\/wp-json\/wp\/v2\/pages\/2681\/revisions"}],"predecessor-version":[{"id":2682,"href":"https:\/\/learning.keepingchildrensafe.global\/es\/wp-json\/wp\/v2\/pages\/2681\/revisions\/2682"}],"wp:attachment":[{"href":"https:\/\/learning.keepingchildrensafe.global\/es\/wp-json\/wp\/v2\/media?parent=2681"}],"curies":[{"name":"wp","href":"https:\/\/api.w.org\/{rel}","templated":true}]}}