{"id":2779,"date":"2023-02-13T13:18:07","date_gmt":"2023-02-13T13:18:07","guid":{"rendered":"https:\/\/learning.keepingchildrensafe.global\/inicio\/"},"modified":"2026-03-01T01:31:01","modified_gmt":"2026-03-01T01:31:01","slug":"inicio","status":"publish","type":"page","link":"https:\/\/learning.keepingchildrensafe.global\/es\/","title":{"rendered":"Inicio"},"content":{"rendered":"\n<div style=\"height:15px\" aria-hidden=\"true\" class=\"wp-block-spacer\"><\/div>\n\n\n\n<figure class=\"wp-block-image alignfull size-large\"><img loading=\"lazy\" decoding=\"async\" width=\"1024\" height=\"258\" src=\"https:\/\/learning.keepingchildrensafe.global\/wp-content\/uploads\/2025\/04\/pexels-rdne-8363087-2100x529px-1024x258.jpg\" alt=\"\" class=\"wp-image-5476\" srcset=\"https:\/\/learning.keepingchildrensafe.global\/wp-content\/uploads\/2025\/04\/pexels-rdne-8363087-2100x529px-1024x258.jpg 1024w, https:\/\/learning.keepingchildrensafe.global\/wp-content\/uploads\/2025\/04\/pexels-rdne-8363087-2100x529px-300x76.jpg 300w, https:\/\/learning.keepingchildrensafe.global\/wp-content\/uploads\/2025\/04\/pexels-rdne-8363087-2100x529px-768x193.jpg 768w, https:\/\/learning.keepingchildrensafe.global\/wp-content\/uploads\/2025\/04\/pexels-rdne-8363087-2100x529px-1536x387.jpg 1536w, https:\/\/learning.keepingchildrensafe.global\/wp-content\/uploads\/2025\/04\/pexels-rdne-8363087-2100x529px-2048x516.jpg 2048w\" sizes=\"auto, (max-width: 1024px) 100vw, 1024px\" \/><\/figure>\n\n\n\n\n\n<p class=\"has-text-align-right has-ast-global-color-8-color has-text-color has-link-color has-small-font-size wp-elements-4b7237b25c97ef8ec5f3001270af4f3c\">Image: rdne\/Pexels.<\/p>\n\n\n\n<div style=\"height:60px\" aria-hidden=\"true\" class=\"wp-block-spacer\"><\/div>\n\n\n\n<h3 class=\"wp-block-heading has-ast-global-color-8-color has-text-color\">Encuentre su curso<\/h3>\n\n\n\n<div class=\"inherit-container-width wp-block-group course-grid is-layout-constrained wp-block-group-is-layout-constrained\">\n<div class=\"inherit-container-width wp-block-group course-grid-item en-only has-ast-global-color-4-background-color has-background is-layout-constrained wp-block-group-is-layout-constrained\">\n<div style=\"height:5px\" aria-hidden=\"true\" class=\"wp-block-spacer\"><\/div>\n\n\n\n<h3 class=\"wp-block-heading grid-course-title\">Protecci\u00f3n Infantil en las Operaciones de Mantenimiento de la Paz con un Enfoque Basado en los Derechos Humanos \u2013 Responsabilidades, Teor\u00eda y Pr\u00e1ctica<\/h3>\n\n\n\n<p class=\"grid-course-date has-ast-global-color-2-color has-text-color\"><strong><strong><strong>Comience en cualquier momento<\/strong><\/strong><\/strong><\/p>\n\n\n\n<p class=\"grid-course-price\">Gratuito<\/p>\n\n\n\n<p class=\"grid-course-button has-ast-global-color-5-color has-ast-global-color-7-background-color has-text-color has-background\"><strong><strong><a href=\"https:\/\/learning.keepingchildrensafe.global\/es\/proteccion-infantil-en-las-operaciones-de-mantenimiento-de-la-paz-con-un-enfoque-basado-en-los-derechos-humanos\/\">\u00a1Muy pronto!<\/a><\/strong><\/strong><\/p>\n<\/div>\n\n\n\n<div class=\"inherit-container-width wp-block-group course-grid-item has-ast-global-color-1-background-color has-background is-layout-constrained wp-block-group-is-layout-constrained\">\n<div style=\"height:5px\" aria-hidden=\"true\" class=\"wp-block-spacer\"><\/div>\n\n\n\n<h3 class=\"wp-block-heading grid-course-title\">Punto Focal de protecci\u00f3n infantil organizacional<\/h3>\n\n\n\n<p class=\"grid-course-date has-ast-global-color-2-color has-text-color\"><strong><strong><strong><strong>1 de mayo \u2013 31 de mayo de 2026 <\/strong><\/strong><\/strong><\/strong><\/p>\n\n\n\n<p class=\"grid-course-price\">\u00a3799<\/p>\n\n\n\n<p class=\"grid-course-button has-ast-global-color-7-background-color has-background\"><strong><strong><strong><a href=\"https:\/\/learning.keepingchildrensafe.global\/es\/pf-de-proteccion-infantil-organizacional\/\" target=\"_blank\" rel=\"noreferrer noopener\">Inscribirse<\/a><\/strong><\/strong><\/strong><\/p>\n<\/div>\n\n\n\n<div class=\"inherit-container-width wp-block-group course-grid-item en-only has-ast-global-color-3-background-color has-background is-layout-constrained wp-block-group-is-layout-constrained\">\n<div style=\"height:5px\" aria-hidden=\"true\" class=\"wp-block-spacer\"><\/div>\n\n\n\n<h3 class=\"wp-block-heading grid-course-title\">Introducci\u00f3n a la protecci\u00f3n infantil organizacional<\/h3>\n\n\n\n<p class=\"grid-course-date has-ast-global-color-2-color has-text-color\"><strong><strong>1 \u2013 15 de junio de 2026<\/strong><\/strong><\/p>\n\n\n\n<p class=\"grid-course-price\">\u00a3399<\/p>\n\n\n\n<p class=\"grid-course-button has-ast-global-color-5-color has-ast-global-color-7-background-color has-text-color has-background\"><strong><strong><a href=\"https:\/\/learning.keepingchildrensafe.global\/es\/introduccion-a-la-proteccion-infantil-organizacional\/\" target=\"_blank\" rel=\"noreferrer noopener\">Inscribirse<\/a><\/strong><\/strong><\/p>\n<\/div>\n\n\n\n\n\n\n\n\n\n\n<\/div>\n\n\n\n<div style=\"height:60px\" aria-hidden=\"true\" class=\"wp-block-spacer\"><\/div>\n\n\n\n<p class=\"has-ast-global-color-2-color has-text-color\">Todos los ingresos generados por nuestros cursos de formaci\u00f3n se reinvierten en KCS para contribuir a la seguridad de ni\u00f1os, ni\u00f1as y adolescentes. Las organizaciones peque\u00f1as pueden optar a una afiliaci\u00f3n gratuita, que tambi\u00e9n les da derecho a acceder gratuitamente a todos nuestros cursos. Se aplica un descuento del 10% a todos los dem\u00e1s miembros de la red KCS.<\/p>\n\n\n\n<div style=\"height:60px\" aria-hidden=\"true\" class=\"wp-block-spacer\"><\/div>\n","protected":false},"excerpt":{"rendered":"<p>Nuevo curso en l\u00ednea \u2013 \u00a1Muy pronto! Punto Focal de protecci\u00f3n infantil organizacional Image: rdne\/Pexels. Encuentre su curso Protecci\u00f3n Infantil en las Operaciones de Mantenimiento de la Paz con un Enfoque Basado en los Derechos Humanos \u2013 Responsabilidades, Teor\u00eda y Pr\u00e1ctica Comience en cualquier momento Gratuito \u00a1Muy pronto! Punto Focal de protecci\u00f3n infantil organizacional 1 [&hellip;]<\/p>\n","protected":false},"author":5,"featured_media":0,"parent":0,"menu_order":0,"comment_status":"closed","ping_status":"closed","template":"","meta":{"_bbp_topic_count":0,"_bbp_reply_count":0,"_bbp_total_topic_count":0,"_bbp_total_reply_count":0,"_bbp_voice_count":0,"_bbp_anonymous_reply_count":0,"_bbp_topic_count_hidden":0,"_bbp_reply_count_hidden":0,"_bbp_forum_subforum_count":0,"site-sidebar-layout":"no-sidebar","site-content-layout":"default","ast-site-content-layout":"default","site-content-style":"default","site-sidebar-style":"default","ast-global-header-display":"","ast-banner-title-visibility":"","ast-main-header-display":"","ast-hfb-above-header-display":"","ast-hfb-below-header-display":"","ast-hfb-mobile-header-display":"","site-post-title":"","ast-breadcrumbs-content":"","ast-featured-img":"","footer-sml-layout":"","ast-disable-related-posts":"","theme-transparent-header-meta":"","adv-header-id-meta":"","stick-header-meta":"","header-above-stick-meta":"","header-main-stick-meta":"","header-below-stick-meta":"","astra-migrate-meta-layouts":"set","ast-page-background-enabled":"default","ast-page-background-meta":{"desktop":{"background-color":"var(--ast-global-color-4)","background-image":"","background-repeat":"repeat","background-position":"center center","background-size":"auto","background-attachment":"scroll","background-type":"","background-media":"","overlay-type":"","overlay-color":"","overlay-opacity":"","overlay-gradient":""},"tablet":{"background-color":"","background-image":"","background-repeat":"repeat","background-position":"center center","background-size":"auto","background-attachment":"scroll","background-type":"","background-media":"","overlay-type":"","overlay-color":"","overlay-opacity":"","overlay-gradient":""},"mobile":{"background-color":"","background-image":"","background-repeat":"repeat","background-position":"center center","background-size":"auto","background-attachment":"scroll","background-type":"","background-media":"","overlay-type":"","overlay-color":"","overlay-opacity":"","overlay-gradient":""}},"ast-content-background-meta":{"desktop":{"background-color":"var(--ast-global-color-5)","background-image":"","background-repeat":"repeat","background-position":"center center","background-size":"auto","background-attachment":"scroll","background-type":"","background-media":"","overlay-type":"","overlay-color":"","overlay-opacity":"","overlay-gradient":""},"tablet":{"background-color":"var(--ast-global-color-5)","background-image":"","background-repeat":"repeat","background-position":"center center","background-size":"auto","background-attachment":"scroll","background-type":"","background-media":"","overlay-type":"","overlay-color":"","overlay-opacity":"","overlay-gradient":""},"mobile":{"background-color":"var(--ast-global-color-5)","background-image":"","background-repeat":"repeat","background-position":"center center","background-size":"auto","background-attachment":"scroll","background-type":"","background-media":"","overlay-type":"","overlay-color":"","overlay-opacity":"","overlay-gradient":""}},"footnotes":""},"class_list":["post-2779","page","type-page","status-publish","hentry"],"yoast_head":"<!-- This site is optimized with the Yoast SEO plugin v27.4 - https:\/\/yoast.com\/product\/yoast-seo-wordpress\/ -->\n<title>Inicio - KCS Learning<\/title>\n<meta name=\"robots\" content=\"index, follow, max-snippet:-1, max-image-preview:large, max-video-preview:-1\" \/>\n<link rel=\"canonical\" href=\"https:\/\/learning.keepingchildrensafe.global\/es\/\" \/>\n<meta property=\"og:locale\" content=\"es_ES\" \/>\n<meta property=\"og:type\" content=\"article\" \/>\n<meta property=\"og:title\" content=\"Inicio - KCS Learning\" \/>\n<meta property=\"og:description\" content=\"Nuevo curso en l\u00ednea \u2013 \u00a1Muy pronto! Punto Focal de protecci\u00f3n infantil organizacional Image: rdne\/Pexels. Encuentre su curso Protecci\u00f3n Infantil en las Operaciones de Mantenimiento de la Paz con un Enfoque Basado en los Derechos Humanos \u2013 Responsabilidades, Teor\u00eda y Pr\u00e1ctica Comience en cualquier momento Gratuito \u00a1Muy pronto! Punto Focal de protecci\u00f3n infantil organizacional 1 [&hellip;]\" \/>\n<meta property=\"og:url\" content=\"https:\/\/learning.keepingchildrensafe.global\/es\/\" \/>\n<meta property=\"og:site_name\" content=\"KCS Learning\" \/>\n<meta property=\"article:modified_time\" content=\"2026-03-01T01:31:01+00:00\" \/>\n<meta property=\"og:image\" content=\"https:\/\/learning.keepingchildrensafe.global\/wp-content\/uploads\/2025\/04\/pexels-rdne-8363087-2100x529px.jpg\" \/>\n\t<meta property=\"og:image:width\" content=\"2100\" \/>\n\t<meta property=\"og:image:height\" content=\"529\" \/>\n\t<meta property=\"og:image:type\" content=\"image\/jpeg\" \/>\n<meta name=\"twitter:card\" content=\"summary_large_image\" \/>\n<meta name=\"twitter:site\" content=\"@keepchildsafe\" \/>\n<meta name=\"twitter:label1\" content=\"Tiempo de lectura\" \/>\n\t<meta name=\"twitter:data1\" content=\"3 minutos\" \/>\n<script type=\"application\/ld+json\" class=\"yoast-schema-graph\">{\"@context\":\"https:\\\/\\\/schema.org\",\"@graph\":[{\"@type\":\"WebPage\",\"@id\":\"https:\\\/\\\/learning.keepingchildrensafe.global\\\/es\\\/\",\"url\":\"https:\\\/\\\/learning.keepingchildrensafe.global\\\/es\\\/\",\"name\":\"Inicio - KCS Learning\",\"isPartOf\":{\"@id\":\"https:\\\/\\\/learning.keepingchildrensafe.global\\\/es\\\/#website\"},\"primaryImageOfPage\":{\"@id\":\"https:\\\/\\\/learning.keepingchildrensafe.global\\\/es\\\/#primaryimage\"},\"image\":{\"@id\":\"https:\\\/\\\/learning.keepingchildrensafe.global\\\/es\\\/#primaryimage\"},\"thumbnailUrl\":\"https:\\\/\\\/learning.keepingchildrensafe.global\\\/wp-content\\\/uploads\\\/2025\\\/04\\\/pexels-rdne-8363087-2100x529px-1024x258.jpg\",\"datePublished\":\"2023-02-13T13:18:07+00:00\",\"dateModified\":\"2026-03-01T01:31:01+00:00\",\"breadcrumb\":{\"@id\":\"https:\\\/\\\/learning.keepingchildrensafe.global\\\/es\\\/#breadcrumb\"},\"inLanguage\":\"es\",\"potentialAction\":[{\"@type\":\"ReadAction\",\"target\":[\"https:\\\/\\\/learning.keepingchildrensafe.global\\\/es\\\/\"]}]},{\"@type\":\"ImageObject\",\"inLanguage\":\"es\",\"@id\":\"https:\\\/\\\/learning.keepingchildrensafe.global\\\/es\\\/#primaryimage\",\"url\":\"https:\\\/\\\/learning.keepingchildrensafe.global\\\/wp-content\\\/uploads\\\/2025\\\/04\\\/pexels-rdne-8363087-2100x529px-1024x258.jpg\",\"contentUrl\":\"https:\\\/\\\/learning.keepingchildrensafe.global\\\/wp-content\\\/uploads\\\/2025\\\/04\\\/pexels-rdne-8363087-2100x529px-1024x258.jpg\"},{\"@type\":\"BreadcrumbList\",\"@id\":\"https:\\\/\\\/learning.keepingchildrensafe.global\\\/es\\\/#breadcrumb\",\"itemListElement\":[{\"@type\":\"ListItem\",\"position\":1,\"name\":\"Home\",\"item\":\"https:\\\/\\\/learning.keepingchildrensafe.global\\\/es\\\/\"},{\"@type\":\"ListItem\",\"position\":2,\"name\":\"Inicio\"}]},{\"@type\":\"WebSite\",\"@id\":\"https:\\\/\\\/learning.keepingchildrensafe.global\\\/es\\\/#website\",\"url\":\"https:\\\/\\\/learning.keepingchildrensafe.global\\\/es\\\/\",\"name\":\"KCS Learning\",\"description\":\"Learn all about child safeguarding\",\"publisher\":{\"@id\":\"https:\\\/\\\/learning.keepingchildrensafe.global\\\/es\\\/#organization\"},\"potentialAction\":[{\"@type\":\"SearchAction\",\"target\":{\"@type\":\"EntryPoint\",\"urlTemplate\":\"https:\\\/\\\/learning.keepingchildrensafe.global\\\/es\\\/?s={search_term_string}\"},\"query-input\":{\"@type\":\"PropertyValueSpecification\",\"valueRequired\":true,\"valueName\":\"search_term_string\"}}],\"inLanguage\":\"es\"},{\"@type\":\"Organization\",\"@id\":\"https:\\\/\\\/learning.keepingchildrensafe.global\\\/es\\\/#organization\",\"name\":\"KCS Learning\",\"url\":\"https:\\\/\\\/learning.keepingchildrensafe.global\\\/es\\\/\",\"logo\":{\"@type\":\"ImageObject\",\"inLanguage\":\"es\",\"@id\":\"https:\\\/\\\/learning.keepingchildrensafe.global\\\/es\\\/#\\\/schema\\\/logo\\\/image\\\/\",\"url\":\"https:\\\/\\\/learning.keepingchildrensafe.global\\\/wp-content\\\/uploads\\\/2025\\\/03\\\/kcs-header-logo-1.png\",\"contentUrl\":\"https:\\\/\\\/learning.keepingchildrensafe.global\\\/wp-content\\\/uploads\\\/2025\\\/03\\\/kcs-header-logo-1.png\",\"width\":500,\"height\":53,\"caption\":\"KCS Learning\"},\"image\":{\"@id\":\"https:\\\/\\\/learning.keepingchildrensafe.global\\\/es\\\/#\\\/schema\\\/logo\\\/image\\\/\"},\"sameAs\":[\"https:\\\/\\\/x.com\\\/keepchildsafe\",\"https:\\\/\\\/www.linkedin.com\\\/company\\\/keepingchildrensafe\\\/\",\"https:\\\/\\\/vimeo.com\\\/keepingchildrensafe\"]}]}<\/script>\n<!-- \/ Yoast SEO plugin. -->","yoast_head_json":{"title":"Inicio - KCS Learning","robots":{"index":"index","follow":"follow","max-snippet":"max-snippet:-1","max-image-preview":"max-image-preview:large","max-video-preview":"max-video-preview:-1"},"canonical":"https:\/\/learning.keepingchildrensafe.global\/es\/","og_locale":"es_ES","og_type":"article","og_title":"Inicio - KCS Learning","og_description":"Nuevo curso en l\u00ednea \u2013 \u00a1Muy pronto! Punto Focal de protecci\u00f3n infantil organizacional Image: rdne\/Pexels. Encuentre su curso Protecci\u00f3n Infantil en las Operaciones de Mantenimiento de la Paz con un Enfoque Basado en los Derechos Humanos \u2013 Responsabilidades, Teor\u00eda y Pr\u00e1ctica Comience en cualquier momento Gratuito \u00a1Muy pronto! Punto Focal de protecci\u00f3n infantil organizacional 1 [&hellip;]","og_url":"https:\/\/learning.keepingchildrensafe.global\/es\/","og_site_name":"KCS Learning","article_modified_time":"2026-03-01T01:31:01+00:00","og_image":[{"width":2100,"height":529,"url":"https:\/\/learning.keepingchildrensafe.global\/wp-content\/uploads\/2025\/04\/pexels-rdne-8363087-2100x529px.jpg","type":"image\/jpeg"}],"twitter_card":"summary_large_image","twitter_site":"@keepchildsafe","twitter_misc":{"Tiempo de lectura":"3 minutos"},"schema":{"@context":"https:\/\/schema.org","@graph":[{"@type":"WebPage","@id":"https:\/\/learning.keepingchildrensafe.global\/es\/","url":"https:\/\/learning.keepingchildrensafe.global\/es\/","name":"Inicio - KCS Learning","isPartOf":{"@id":"https:\/\/learning.keepingchildrensafe.global\/es\/#website"},"primaryImageOfPage":{"@id":"https:\/\/learning.keepingchildrensafe.global\/es\/#primaryimage"},"image":{"@id":"https:\/\/learning.keepingchildrensafe.global\/es\/#primaryimage"},"thumbnailUrl":"https:\/\/learning.keepingchildrensafe.global\/wp-content\/uploads\/2025\/04\/pexels-rdne-8363087-2100x529px-1024x258.jpg","datePublished":"2023-02-13T13:18:07+00:00","dateModified":"2026-03-01T01:31:01+00:00","breadcrumb":{"@id":"https:\/\/learning.keepingchildrensafe.global\/es\/#breadcrumb"},"inLanguage":"es","potentialAction":[{"@type":"ReadAction","target":["https:\/\/learning.keepingchildrensafe.global\/es\/"]}]},{"@type":"ImageObject","inLanguage":"es","@id":"https:\/\/learning.keepingchildrensafe.global\/es\/#primaryimage","url":"https:\/\/learning.keepingchildrensafe.global\/wp-content\/uploads\/2025\/04\/pexels-rdne-8363087-2100x529px-1024x258.jpg","contentUrl":"https:\/\/learning.keepingchildrensafe.global\/wp-content\/uploads\/2025\/04\/pexels-rdne-8363087-2100x529px-1024x258.jpg"},{"@type":"BreadcrumbList","@id":"https:\/\/learning.keepingchildrensafe.global\/es\/#breadcrumb","itemListElement":[{"@type":"ListItem","position":1,"name":"Home","item":"https:\/\/learning.keepingchildrensafe.global\/es\/"},{"@type":"ListItem","position":2,"name":"Inicio"}]},{"@type":"WebSite","@id":"https:\/\/learning.keepingchildrensafe.global\/es\/#website","url":"https:\/\/learning.keepingchildrensafe.global\/es\/","name":"KCS Learning","description":"Learn all about child safeguarding","publisher":{"@id":"https:\/\/learning.keepingchildrensafe.global\/es\/#organization"},"potentialAction":[{"@type":"SearchAction","target":{"@type":"EntryPoint","urlTemplate":"https:\/\/learning.keepingchildrensafe.global\/es\/?s={search_term_string}"},"query-input":{"@type":"PropertyValueSpecification","valueRequired":true,"valueName":"search_term_string"}}],"inLanguage":"es"},{"@type":"Organization","@id":"https:\/\/learning.keepingchildrensafe.global\/es\/#organization","name":"KCS Learning","url":"https:\/\/learning.keepingchildrensafe.global\/es\/","logo":{"@type":"ImageObject","inLanguage":"es","@id":"https:\/\/learning.keepingchildrensafe.global\/es\/#\/schema\/logo\/image\/","url":"https:\/\/learning.keepingchildrensafe.global\/wp-content\/uploads\/2025\/03\/kcs-header-logo-1.png","contentUrl":"https:\/\/learning.keepingchildrensafe.global\/wp-content\/uploads\/2025\/03\/kcs-header-logo-1.png","width":500,"height":53,"caption":"KCS Learning"},"image":{"@id":"https:\/\/learning.keepingchildrensafe.global\/es\/#\/schema\/logo\/image\/"},"sameAs":["https:\/\/x.com\/keepchildsafe","https:\/\/www.linkedin.com\/company\/keepingchildrensafe\/","https:\/\/vimeo.com\/keepingchildrensafe"]}]}},"_links":{"self":[{"href":"https:\/\/learning.keepingchildrensafe.global\/es\/wp-json\/wp\/v2\/pages\/2779","targetHints":{"allow":["GET"]}}],"collection":[{"href":"https:\/\/learning.keepingchildrensafe.global\/es\/wp-json\/wp\/v2\/pages"}],"about":[{"href":"https:\/\/learning.keepingchildrensafe.global\/es\/wp-json\/wp\/v2\/types\/page"}],"author":[{"embeddable":true,"href":"https:\/\/learning.keepingchildrensafe.global\/es\/wp-json\/wp\/v2\/users\/5"}],"replies":[{"embeddable":true,"href":"https:\/\/learning.keepingchildrensafe.global\/es\/wp-json\/wp\/v2\/comments?post=2779"}],"version-history":[{"count":46,"href":"https:\/\/learning.keepingchildrensafe.global\/es\/wp-json\/wp\/v2\/pages\/2779\/revisions"}],"predecessor-version":[{"id":9488,"href":"https:\/\/learning.keepingchildrensafe.global\/es\/wp-json\/wp\/v2\/pages\/2779\/revisions\/9488"}],"wp:attachment":[{"href":"https:\/\/learning.keepingchildrensafe.global\/es\/wp-json\/wp\/v2\/media?parent=2779"}],"curies":[{"name":"wp","href":"https:\/\/api.w.org\/{rel}","templated":true}]}}