{"id":5633,"date":"2025-04-04T00:16:50","date_gmt":"2025-04-03T23:16:50","guid":{"rendered":"https:\/\/learning.keepingchildrensafe.global\/?page_id=5633"},"modified":"2026-04-29T18:33:58","modified_gmt":"2026-04-29T17:33:58","slug":"pf-de-proteccion-infantil-organizacional","status":"publish","type":"page","link":"https:\/\/learning.keepingchildrensafe.global\/es\/pf-de-proteccion-infantil-organizacional\/","title":{"rendered":"Formaci\u00f3n como Punto Focal de Protecci\u00f3n Infantil Organizacional"},"content":{"rendered":"\n<div style=\"height:60px\" aria-hidden=\"true\" class=\"wp-block-spacer\"><\/div>\n\n\n\n<div class=\"wp-block-columns has-ast-global-color-4-background-color has-background is-layout-flex wp-container-core-columns-is-layout-706545de wp-block-columns-is-layout-flex\" style=\"padding-top:0;padding-right:0;padding-bottom:0;padding-left:0\">\n<div class=\"wp-block-column is-layout-flow wp-block-column-is-layout-flow\" style=\"padding-top:var(--wp--preset--spacing--50);padding-right:var(--wp--preset--spacing--50);padding-bottom:0;padding-left:var(--wp--preset--spacing--50);flex-basis:66.66%\">\n<h2 class=\"wp-block-heading\">Formaci\u00f3n como Punto Focal de Protecci\u00f3n Infantil Organizacional<\/h2>\n\n\n\n<p class=\"has-medium-font-size\">Curso dirigido por facilitadores<\/p>\n<\/div>\n\n\n\n<div class=\"wp-block-column is-layout-flow wp-block-column-is-layout-flow\" style=\"flex-basis:33.33%\">\n<figure class=\"wp-block-image size-large\"><img loading=\"lazy\" decoding=\"async\" width=\"1024\" height=\"1024\" src=\"https:\/\/learning.keepingchildrensafe.global\/wp-content\/uploads\/2023\/04\/pexels-micah-eleazar-9375720-edited-1-1024x1024.jpg\" alt=\"\" class=\"wp-image-2037\" srcset=\"https:\/\/learning.keepingchildrensafe.global\/wp-content\/uploads\/2023\/04\/pexels-micah-eleazar-9375720-edited-1-1024x1024.jpg 1024w, https:\/\/learning.keepingchildrensafe.global\/wp-content\/uploads\/2023\/04\/pexels-micah-eleazar-9375720-edited-1-300x300.jpg 300w, https:\/\/learning.keepingchildrensafe.global\/wp-content\/uploads\/2023\/04\/pexels-micah-eleazar-9375720-edited-1-150x150.jpg 150w, https:\/\/learning.keepingchildrensafe.global\/wp-content\/uploads\/2023\/04\/pexels-micah-eleazar-9375720-edited-1-768x768.jpg 768w, https:\/\/learning.keepingchildrensafe.global\/wp-content\/uploads\/2023\/04\/pexels-micah-eleazar-9375720-edited-1-1536x1536.jpg 1536w, https:\/\/learning.keepingchildrensafe.global\/wp-content\/uploads\/2023\/04\/pexels-micah-eleazar-9375720-edited-1-2048x2048.jpg 2048w\" sizes=\"auto, (max-width: 1024px) 100vw, 1024px\" \/><\/figure>\n<\/div>\n<\/div>\n\n\n\n<div style=\"height:60px\" aria-hidden=\"true\" class=\"wp-block-spacer\"><\/div>\n\n\n\n\n<div class=\"learndash-wrapper learndash-wrap learndash-shortcode-wrap\"><div class=\"learndash-course-visitor-message\">\n\t<div class=\"wp-block-columns course-status-bar has-border-color has-ast-global-color-4-border-color has-ast-global-color-5-background-color has-background is-layout-flex wp-container-core-columns-is-layout-28f84493 wp-block-columns-is-layout-flex\" style=\"border-width:4px;border-radius:30px\">\n<div class=\"wp-block-column is-layout-flow wp-block-column-is-layout-flow\" style=\"padding-bottom:var(--wp--preset--spacing--20)\">\n<p class=\"has-text-align-center has-medium-font-size\"><strong>Estado actual<\/strong><\/p>\n<p class=\"has-text-align-center\">No inscrito<\/p>\n<\/div>\n<div class=\"wp-block-column is-layout-flow wp-block-column-is-layout-flow\" style=\"padding-bottom:var(--wp--preset--spacing--20)\">\n<p class=\"has-text-align-center has-medium-font-size\"><strong>Costo<\/strong><\/p>\n<p class=\"has-text-align-center\">GBP \u00a3799<\/p>\n<\/div>\n<div class=\"wp-block-column is-layout-flow wp-block-column-is-layout-flow\" style=\"padding-bottom:var(--wp--preset--spacing--50)\">\n<p class=\"has-text-align-center has-medium-font-size\"><strong><strong>Empezar<\/strong><\/strong><\/p>\n<div class=\"wp-block-buttons is-content-justification-center is-layout-flex wp-container-core-buttons-is-layout-11db0663 wp-block-buttons-is-layout-flex\">\n<div class=\"wp-block-button is-style-outline is-style-outline--1\"><a class=\"wp-block-button__link has-white-color has-text-color has-text-align-center wp-element-button\" href=\"https:\/\/learning.keepingchildrensafe.global\/es\/registrarse-para-punto-focal-de-proteccion-infantil-organizacional\/\" target=\"_blank\" rel=\"noreferrer noopener\"><strong><strong>Inscr\u00edbase en este curso<\/strong><\/strong><\/a><\/div>\n<\/div>\n<\/div>\n<\/div>\n\t<\/div>\n\t<\/div>\n\n\n<div style=\"height:60px\" aria-hidden=\"true\" class=\"wp-block-spacer\"><\/div>\n\n\n<div class=\"lightweight-accordion has-text-color has-background\"><details><summary class=\"lightweight-accordion-title\" style=\"color:var(--ast-global-color-7);background:var(--ast-global-color-4);\"><span><strong><strong>Informaci\u00f3n sobre el curso<\/strong><\/strong><\/span><\/summary><div class=\"lightweight-accordion-body\" style=\"border-color:var(--ast-global-color-4);\">\n\n<div style=\"height:15px\" aria-hidden=\"true\" class=\"wp-block-spacer\"><\/div>\n\n\n\n<p><strong>P\u00fablico:<\/strong> Profesionales que hayan completado con \u00e9xito el curso de Nivel 1: <em>Comprender la protecci\u00f3n infantil<\/em> o profesionales con experiencia sustancial en protecci\u00f3n infantil organizacional.<br><strong>Duraci\u00f3n:<\/strong> 4 semanas, con aproximadamente 4 horas de estudio a la semana.<br><strong>Idioma:<\/strong> Espa\u00f1ol.<br><strong>Precio: <\/strong>799 \u00a3*<br><strong>Certificado:<\/strong> Se emitir\u00e1 un certificado de aprobaci\u00f3n una vez que la evaluaci\u00f3n final sea completada con \u00e9xito.<br><strong>Sesiones en vivo:<\/strong> La primera sesi\u00f3n en vivo ser\u00e1 el primer lunes del mes de 17:00 a 18:00 GMT\/GMT+1 BST. Las sesiones en vivo de las semanas 2 y 4 ser\u00e1n los viernes de 17:00 a 18:30 GMT\/GMT+1 BST.<\/p>\n\n\n\n<div style=\"height:30px\" aria-hidden=\"true\" class=\"wp-block-spacer\"><\/div>\n\n\n\n<p>* Todos los miembros de la red KCS tienen 10% de descuento.<br>* Las organizaciones peque\u00f1as pueden optar a una membres\u00eda gratuita, con el beneficio de acceder gratuitamente a todos nuestros cursos. P\u00f3ngase en contacto a learning@keepingchildrensafe.global para obtener m\u00e1s informaci\u00f3n y verificar su elegibilidad.<\/p>\n\n<\/div><\/details><\/div>\n\n<div class=\"lightweight-accordion has-text-color has-background\"><details><summary class=\"lightweight-accordion-title\" style=\"color:var(--ast-global-color-7);background:var(--ast-global-color-4);\"><span><strong><strong>Objetivos de aprendizaje<\/strong><\/strong><\/span><\/summary><div class=\"lightweight-accordion-body\" style=\"border-color:var(--ast-global-color-4);\">\n\n<div style=\"height:15px\" aria-hidden=\"true\" class=\"wp-block-spacer\"><\/div>\n\n\n\n<ul class=\"wp-block-list\">\n<li>Comprender el papel del punto focal de protecci\u00f3n infantil organizacional a la hora de mantener a ni\u00f1os, ni\u00f1as y adolescentes a salvo de cualquier da\u00f1o, apoyando a las organizaciones en la implementaci\u00f3n de medidas de protecci\u00f3n infantil organizacional.<\/li>\n\n\n\n<li>Aprender a mapear los puntos de contacto de la organizaci\u00f3n con ni\u00f1os, ni\u00f1as y adolescentes a trav\u00e9s de su personal, actividades, operaciones y socios.<\/li>\n\n\n\n<li>Evaluar los riesgos de protecci\u00f3n infantil organizacional y desarrollar medidas de prevenci\u00f3n y mitigaci\u00f3n de riesgos.<\/li>\n\n\n\n<li>Identificar y abordar las deficiencias en las pol\u00edticas y procesos de protecci\u00f3n infantil organizacional.<\/li>\n\n\n\n<li>Desarrollar un plan de implementaci\u00f3n de protecci\u00f3n infantil organizacional que incluya procesos de contrataci\u00f3n m\u00e1s seguros, mecanismos de denuncia y respuesta adaptados a ni\u00f1os, ni\u00f1as y adolescentes, programas y alianzas seguros y la representaci\u00f3n de im\u00e1genes e historias de ni\u00f1os, ni\u00f1as y adolescentes de forma respetuosa.<\/li>\n\n\n\n<li>Responder adecuadamente a las preocupaciones y revelaciones sobre la protecci\u00f3n infantil organizacional.<\/li>\n\n\n\n<li>Facilitar la formaci\u00f3n y la divulgaci\u00f3n sobre protecci\u00f3n infantil organizacional.<\/li>\n\n\n\n<li>Modelar una pr\u00e1ctica centrada en los ni\u00f1os, ni\u00f1as y adolescentes y basada en valores, que incluya un compromiso con la integridad, la responsabilidad, la no discriminaci\u00f3n y el respeto.<\/li>\n<\/ul>\n\n<\/div><\/details><\/div>\n\n\n<div style=\"height:60px\" aria-hidden=\"true\" class=\"wp-block-spacer\"><\/div>\n\n\n\n<p>Basado en los Est\u00e1ndares Internacionales de Protecci\u00f3n Infantil Organizacional de KCS, este curso en l\u00ednea le proporcionar\u00e1 las habilidades, los conocimientos y la confianza necesarios para desempe\u00f1ar el papel de Punto Focal de protecci\u00f3n infantil organizacional en cualquier equipo.<\/p>\n\n\n\n<p>Guiado por profesionales internacionales experimentados, aprender\u00e1 a manejar las complejidades de la protecci\u00f3n infantil organizacional en diferentes contextos, explorando una serie de escenarios basados en ejemplos reales de los programas internacionales de Keeping Children Safe. Participar\u00e1 en una combinaci\u00f3n interactiva de actividades semanales de aprendizaje colaborativo a su propio ritmo, debates, sesiones en directo, cuestionarios y una evaluaci\u00f3n de fin de curso. Los participantes tendr\u00e1n acceso exclusivo a plantillas y recursos especialmente dise\u00f1ados, as\u00ed como a tutor\u00eda y apoyo individual en l\u00ednea.<\/p>\n\n\n\n<p>Todo lo que aprender\u00e1 durante esta formaci\u00f3n le ayudar\u00e1 a usted y a su organizaci\u00f3n a poner los derechos y la seguridad de ni\u00f1os, ni\u00f1as y adolescentes en el centro de todas sus acciones.<\/p>\n\n\n\n<div style=\"height:90px\" aria-hidden=\"true\" class=\"wp-block-spacer\"><\/div>\n","protected":false},"excerpt":{"rendered":"<p>Formaci\u00f3n como Punto Focal de Protecci\u00f3n Infantil Organizacional Curso dirigido por facilitadores Basado en los Est\u00e1ndares Internacionales de Protecci\u00f3n Infantil Organizacional de KCS, este curso en l\u00ednea le proporcionar\u00e1 las habilidades, los conocimientos y la confianza necesarios para desempe\u00f1ar el papel de Punto Focal de protecci\u00f3n infantil organizacional en cualquier equipo. Guiado por profesionales internacionales [&hellip;]<\/p>\n","protected":false},"author":5,"featured_media":0,"parent":0,"menu_order":0,"comment_status":"closed","ping_status":"closed","template":"","meta":{"_bbp_topic_count":0,"_bbp_reply_count":0,"_bbp_total_topic_count":0,"_bbp_total_reply_count":0,"_bbp_voice_count":0,"_bbp_anonymous_reply_count":0,"_bbp_topic_count_hidden":0,"_bbp_reply_count_hidden":0,"_bbp_forum_subforum_count":0,"site-sidebar-layout":"default","site-content-layout":"","ast-site-content-layout":"default","site-content-style":"default","site-sidebar-style":"default","ast-global-header-display":"","ast-banner-title-visibility":"","ast-main-header-display":"","ast-hfb-above-header-display":"","ast-hfb-below-header-display":"","ast-hfb-mobile-header-display":"","site-post-title":"disabled","ast-breadcrumbs-content":"","ast-featured-img":"","footer-sml-layout":"","ast-disable-related-posts":"","theme-transparent-header-meta":"","adv-header-id-meta":"","stick-header-meta":"","header-above-stick-meta":"","header-main-stick-meta":"","header-below-stick-meta":"","astra-migrate-meta-layouts":"set","ast-page-background-enabled":"default","ast-page-background-meta":{"desktop":{"background-color":"var(--ast-global-color-4)","background-image":"","background-repeat":"repeat","background-position":"center center","background-size":"auto","background-attachment":"scroll","background-type":"","background-media":"","overlay-type":"","overlay-color":"","overlay-opacity":"","overlay-gradient":""},"tablet":{"background-color":"","background-image":"","background-repeat":"repeat","background-position":"center center","background-size":"auto","background-attachment":"scroll","background-type":"","background-media":"","overlay-type":"","overlay-color":"","overlay-opacity":"","overlay-gradient":""},"mobile":{"background-color":"","background-image":"","background-repeat":"repeat","background-position":"center center","background-size":"auto","background-attachment":"scroll","background-type":"","background-media":"","overlay-type":"","overlay-color":"","overlay-opacity":"","overlay-gradient":""}},"ast-content-background-meta":{"desktop":{"background-color":"var(--ast-global-color-5)","background-image":"","background-repeat":"repeat","background-position":"center center","background-size":"auto","background-attachment":"scroll","background-type":"","background-media":"","overlay-type":"","overlay-color":"","overlay-opacity":"","overlay-gradient":""},"tablet":{"background-color":"var(--ast-global-color-5)","background-image":"","background-repeat":"repeat","background-position":"center center","background-size":"auto","background-attachment":"scroll","background-type":"","background-media":"","overlay-type":"","overlay-color":"","overlay-opacity":"","overlay-gradient":""},"mobile":{"background-color":"var(--ast-global-color-5)","background-image":"","background-repeat":"repeat","background-position":"center center","background-size":"auto","background-attachment":"scroll","background-type":"","background-media":"","overlay-type":"","overlay-color":"","overlay-opacity":"","overlay-gradient":""}},"footnotes":""},"class_list":["post-5633","page","type-page","status-publish","hentry"],"yoast_head":"<!-- This site is optimized with the Yoast SEO plugin v27.5 - https:\/\/yoast.com\/product\/yoast-seo-wordpress\/ -->\n<title>Formaci\u00f3n como Punto Focal de Protecci\u00f3n Infantil Organizacional - KCS Learning<\/title>\n<meta name=\"robots\" content=\"index, follow, max-snippet:-1, max-image-preview:large, max-video-preview:-1\" \/>\n<link rel=\"canonical\" href=\"https:\/\/learning.keepingchildrensafe.global\/es\/pf-de-proteccion-infantil-organizacional\/\" \/>\n<meta property=\"og:locale\" content=\"es_ES\" \/>\n<meta property=\"og:type\" content=\"article\" \/>\n<meta property=\"og:title\" content=\"Formaci\u00f3n como Punto Focal de Protecci\u00f3n Infantil Organizacional - KCS Learning\" \/>\n<meta property=\"og:description\" content=\"Formaci\u00f3n como Punto Focal de Protecci\u00f3n Infantil Organizacional Curso dirigido por facilitadores Basado en los Est\u00e1ndares Internacionales de Protecci\u00f3n Infantil Organizacional de KCS, este curso en l\u00ednea le proporcionar\u00e1 las habilidades, los conocimientos y la confianza necesarios para desempe\u00f1ar el papel de Punto Focal de protecci\u00f3n infantil organizacional en cualquier equipo. Guiado por profesionales internacionales [&hellip;]\" \/>\n<meta property=\"og:url\" content=\"https:\/\/learning.keepingchildrensafe.global\/es\/pf-de-proteccion-infantil-organizacional\/\" \/>\n<meta property=\"og:site_name\" content=\"KCS Learning\" \/>\n<meta property=\"article:modified_time\" content=\"2026-04-29T17:33:58+00:00\" \/>\n<meta property=\"og:image\" content=\"https:\/\/learning.keepingchildrensafe.global\/wp-content\/uploads\/2023\/04\/pexels-micah-eleazar-9375720-edited-1-scaled.jpg\" \/>\n\t<meta property=\"og:image:width\" content=\"2560\" \/>\n\t<meta property=\"og:image:height\" content=\"2560\" \/>\n\t<meta property=\"og:image:type\" content=\"image\/jpeg\" \/>\n<meta name=\"twitter:card\" content=\"summary_large_image\" \/>\n<meta name=\"twitter:site\" content=\"@keepchildsafe\" \/>\n<meta name=\"twitter:label1\" content=\"Tiempo de lectura\" \/>\n\t<meta name=\"twitter:data1\" content=\"3 minutos\" \/>\n<script type=\"application\/ld+json\" class=\"yoast-schema-graph\">{\"@context\":\"https:\\\/\\\/schema.org\",\"@graph\":[{\"@type\":\"WebPage\",\"@id\":\"https:\\\/\\\/learning.keepingchildrensafe.global\\\/es\\\/pf-de-proteccion-infantil-organizacional\\\/\",\"url\":\"https:\\\/\\\/learning.keepingchildrensafe.global\\\/es\\\/pf-de-proteccion-infantil-organizacional\\\/\",\"name\":\"Formaci\u00f3n como Punto Focal de Protecci\u00f3n Infantil Organizacional - KCS Learning\",\"isPartOf\":{\"@id\":\"https:\\\/\\\/learning.keepingchildrensafe.global\\\/es\\\/#website\"},\"primaryImageOfPage\":{\"@id\":\"https:\\\/\\\/learning.keepingchildrensafe.global\\\/es\\\/pf-de-proteccion-infantil-organizacional\\\/#primaryimage\"},\"image\":{\"@id\":\"https:\\\/\\\/learning.keepingchildrensafe.global\\\/es\\\/pf-de-proteccion-infantil-organizacional\\\/#primaryimage\"},\"thumbnailUrl\":\"https:\\\/\\\/learning.keepingchildrensafe.global\\\/wp-content\\\/uploads\\\/2023\\\/04\\\/pexels-micah-eleazar-9375720-edited-1-1024x1024.jpg\",\"datePublished\":\"2025-04-03T23:16:50+00:00\",\"dateModified\":\"2026-04-29T17:33:58+00:00\",\"breadcrumb\":{\"@id\":\"https:\\\/\\\/learning.keepingchildrensafe.global\\\/es\\\/pf-de-proteccion-infantil-organizacional\\\/#breadcrumb\"},\"inLanguage\":\"es\",\"potentialAction\":[{\"@type\":\"ReadAction\",\"target\":[\"https:\\\/\\\/learning.keepingchildrensafe.global\\\/es\\\/pf-de-proteccion-infantil-organizacional\\\/\"]}]},{\"@type\":\"ImageObject\",\"inLanguage\":\"es\",\"@id\":\"https:\\\/\\\/learning.keepingchildrensafe.global\\\/es\\\/pf-de-proteccion-infantil-organizacional\\\/#primaryimage\",\"url\":\"https:\\\/\\\/learning.keepingchildrensafe.global\\\/wp-content\\\/uploads\\\/2023\\\/04\\\/pexels-micah-eleazar-9375720-edited-1-1024x1024.jpg\",\"contentUrl\":\"https:\\\/\\\/learning.keepingchildrensafe.global\\\/wp-content\\\/uploads\\\/2023\\\/04\\\/pexels-micah-eleazar-9375720-edited-1-1024x1024.jpg\"},{\"@type\":\"BreadcrumbList\",\"@id\":\"https:\\\/\\\/learning.keepingchildrensafe.global\\\/es\\\/pf-de-proteccion-infantil-organizacional\\\/#breadcrumb\",\"itemListElement\":[{\"@type\":\"ListItem\",\"position\":1,\"name\":\"Home\",\"item\":\"https:\\\/\\\/learning.keepingchildrensafe.global\\\/es\\\/\"},{\"@type\":\"ListItem\",\"position\":2,\"name\":\"Formaci\u00f3n como Punto Focal de Protecci\u00f3n Infantil Organizacional\"}]},{\"@type\":\"WebSite\",\"@id\":\"https:\\\/\\\/learning.keepingchildrensafe.global\\\/es\\\/#website\",\"url\":\"https:\\\/\\\/learning.keepingchildrensafe.global\\\/es\\\/\",\"name\":\"KCS Learning\",\"description\":\"Learn all about child safeguarding\",\"publisher\":{\"@id\":\"https:\\\/\\\/learning.keepingchildrensafe.global\\\/es\\\/#organization\"},\"potentialAction\":[{\"@type\":\"SearchAction\",\"target\":{\"@type\":\"EntryPoint\",\"urlTemplate\":\"https:\\\/\\\/learning.keepingchildrensafe.global\\\/es\\\/?s={search_term_string}\"},\"query-input\":{\"@type\":\"PropertyValueSpecification\",\"valueRequired\":true,\"valueName\":\"search_term_string\"}}],\"inLanguage\":\"es\"},{\"@type\":\"Organization\",\"@id\":\"https:\\\/\\\/learning.keepingchildrensafe.global\\\/es\\\/#organization\",\"name\":\"KCS Learning\",\"url\":\"https:\\\/\\\/learning.keepingchildrensafe.global\\\/es\\\/\",\"logo\":{\"@type\":\"ImageObject\",\"inLanguage\":\"es\",\"@id\":\"https:\\\/\\\/learning.keepingchildrensafe.global\\\/es\\\/#\\\/schema\\\/logo\\\/image\\\/\",\"url\":\"https:\\\/\\\/learning.keepingchildrensafe.global\\\/wp-content\\\/uploads\\\/2025\\\/03\\\/kcs-header-logo-1.png\",\"contentUrl\":\"https:\\\/\\\/learning.keepingchildrensafe.global\\\/wp-content\\\/uploads\\\/2025\\\/03\\\/kcs-header-logo-1.png\",\"width\":500,\"height\":53,\"caption\":\"KCS Learning\"},\"image\":{\"@id\":\"https:\\\/\\\/learning.keepingchildrensafe.global\\\/es\\\/#\\\/schema\\\/logo\\\/image\\\/\"},\"sameAs\":[\"https:\\\/\\\/x.com\\\/keepchildsafe\",\"https:\\\/\\\/www.linkedin.com\\\/company\\\/keepingchildrensafe\\\/\",\"https:\\\/\\\/vimeo.com\\\/keepingchildrensafe\"]}]}<\/script>\n<!-- \/ Yoast SEO plugin. -->","yoast_head_json":{"title":"Formaci\u00f3n como Punto Focal de Protecci\u00f3n Infantil Organizacional - KCS Learning","robots":{"index":"index","follow":"follow","max-snippet":"max-snippet:-1","max-image-preview":"max-image-preview:large","max-video-preview":"max-video-preview:-1"},"canonical":"https:\/\/learning.keepingchildrensafe.global\/es\/pf-de-proteccion-infantil-organizacional\/","og_locale":"es_ES","og_type":"article","og_title":"Formaci\u00f3n como Punto Focal de Protecci\u00f3n Infantil Organizacional - KCS Learning","og_description":"Formaci\u00f3n como Punto Focal de Protecci\u00f3n Infantil Organizacional Curso dirigido por facilitadores Basado en los Est\u00e1ndares Internacionales de Protecci\u00f3n Infantil Organizacional de KCS, este curso en l\u00ednea le proporcionar\u00e1 las habilidades, los conocimientos y la confianza necesarios para desempe\u00f1ar el papel de Punto Focal de protecci\u00f3n infantil organizacional en cualquier equipo. Guiado por profesionales internacionales [&hellip;]","og_url":"https:\/\/learning.keepingchildrensafe.global\/es\/pf-de-proteccion-infantil-organizacional\/","og_site_name":"KCS Learning","article_modified_time":"2026-04-29T17:33:58+00:00","og_image":[{"width":2560,"height":2560,"url":"https:\/\/learning.keepingchildrensafe.global\/wp-content\/uploads\/2023\/04\/pexels-micah-eleazar-9375720-edited-1-scaled.jpg","type":"image\/jpeg"}],"twitter_card":"summary_large_image","twitter_site":"@keepchildsafe","twitter_misc":{"Tiempo de lectura":"3 minutos"},"schema":{"@context":"https:\/\/schema.org","@graph":[{"@type":"WebPage","@id":"https:\/\/learning.keepingchildrensafe.global\/es\/pf-de-proteccion-infantil-organizacional\/","url":"https:\/\/learning.keepingchildrensafe.global\/es\/pf-de-proteccion-infantil-organizacional\/","name":"Formaci\u00f3n como Punto Focal de Protecci\u00f3n Infantil Organizacional - KCS Learning","isPartOf":{"@id":"https:\/\/learning.keepingchildrensafe.global\/es\/#website"},"primaryImageOfPage":{"@id":"https:\/\/learning.keepingchildrensafe.global\/es\/pf-de-proteccion-infantil-organizacional\/#primaryimage"},"image":{"@id":"https:\/\/learning.keepingchildrensafe.global\/es\/pf-de-proteccion-infantil-organizacional\/#primaryimage"},"thumbnailUrl":"https:\/\/learning.keepingchildrensafe.global\/wp-content\/uploads\/2023\/04\/pexels-micah-eleazar-9375720-edited-1-1024x1024.jpg","datePublished":"2025-04-03T23:16:50+00:00","dateModified":"2026-04-29T17:33:58+00:00","breadcrumb":{"@id":"https:\/\/learning.keepingchildrensafe.global\/es\/pf-de-proteccion-infantil-organizacional\/#breadcrumb"},"inLanguage":"es","potentialAction":[{"@type":"ReadAction","target":["https:\/\/learning.keepingchildrensafe.global\/es\/pf-de-proteccion-infantil-organizacional\/"]}]},{"@type":"ImageObject","inLanguage":"es","@id":"https:\/\/learning.keepingchildrensafe.global\/es\/pf-de-proteccion-infantil-organizacional\/#primaryimage","url":"https:\/\/learning.keepingchildrensafe.global\/wp-content\/uploads\/2023\/04\/pexels-micah-eleazar-9375720-edited-1-1024x1024.jpg","contentUrl":"https:\/\/learning.keepingchildrensafe.global\/wp-content\/uploads\/2023\/04\/pexels-micah-eleazar-9375720-edited-1-1024x1024.jpg"},{"@type":"BreadcrumbList","@id":"https:\/\/learning.keepingchildrensafe.global\/es\/pf-de-proteccion-infantil-organizacional\/#breadcrumb","itemListElement":[{"@type":"ListItem","position":1,"name":"Home","item":"https:\/\/learning.keepingchildrensafe.global\/es\/"},{"@type":"ListItem","position":2,"name":"Formaci\u00f3n como Punto Focal de Protecci\u00f3n Infantil Organizacional"}]},{"@type":"WebSite","@id":"https:\/\/learning.keepingchildrensafe.global\/es\/#website","url":"https:\/\/learning.keepingchildrensafe.global\/es\/","name":"KCS Learning","description":"Learn all about child safeguarding","publisher":{"@id":"https:\/\/learning.keepingchildrensafe.global\/es\/#organization"},"potentialAction":[{"@type":"SearchAction","target":{"@type":"EntryPoint","urlTemplate":"https:\/\/learning.keepingchildrensafe.global\/es\/?s={search_term_string}"},"query-input":{"@type":"PropertyValueSpecification","valueRequired":true,"valueName":"search_term_string"}}],"inLanguage":"es"},{"@type":"Organization","@id":"https:\/\/learning.keepingchildrensafe.global\/es\/#organization","name":"KCS Learning","url":"https:\/\/learning.keepingchildrensafe.global\/es\/","logo":{"@type":"ImageObject","inLanguage":"es","@id":"https:\/\/learning.keepingchildrensafe.global\/es\/#\/schema\/logo\/image\/","url":"https:\/\/learning.keepingchildrensafe.global\/wp-content\/uploads\/2025\/03\/kcs-header-logo-1.png","contentUrl":"https:\/\/learning.keepingchildrensafe.global\/wp-content\/uploads\/2025\/03\/kcs-header-logo-1.png","width":500,"height":53,"caption":"KCS Learning"},"image":{"@id":"https:\/\/learning.keepingchildrensafe.global\/es\/#\/schema\/logo\/image\/"},"sameAs":["https:\/\/x.com\/keepchildsafe","https:\/\/www.linkedin.com\/company\/keepingchildrensafe\/","https:\/\/vimeo.com\/keepingchildrensafe"]}]}},"_links":{"self":[{"href":"https:\/\/learning.keepingchildrensafe.global\/es\/wp-json\/wp\/v2\/pages\/5633","targetHints":{"allow":["GET"]}}],"collection":[{"href":"https:\/\/learning.keepingchildrensafe.global\/es\/wp-json\/wp\/v2\/pages"}],"about":[{"href":"https:\/\/learning.keepingchildrensafe.global\/es\/wp-json\/wp\/v2\/types\/page"}],"author":[{"embeddable":true,"href":"https:\/\/learning.keepingchildrensafe.global\/es\/wp-json\/wp\/v2\/users\/5"}],"replies":[{"embeddable":true,"href":"https:\/\/learning.keepingchildrensafe.global\/es\/wp-json\/wp\/v2\/comments?post=5633"}],"version-history":[{"count":13,"href":"https:\/\/learning.keepingchildrensafe.global\/es\/wp-json\/wp\/v2\/pages\/5633\/revisions"}],"predecessor-version":[{"id":10259,"href":"https:\/\/learning.keepingchildrensafe.global\/es\/wp-json\/wp\/v2\/pages\/5633\/revisions\/10259"}],"wp:attachment":[{"href":"https:\/\/learning.keepingchildrensafe.global\/es\/wp-json\/wp\/v2\/media?parent=5633"}],"curies":[{"name":"wp","href":"https:\/\/api.w.org\/{rel}","templated":true}]}}