{"id":7370,"date":"2025-10-20T00:08:52","date_gmt":"2025-10-19T23:08:52","guid":{"rendered":"https:\/\/learning.keepingchildrensafe.global\/introduccion-a-la-proteccion-infantil-organizacional\/"},"modified":"2025-12-01T23:24:23","modified_gmt":"2025-12-01T23:24:23","slug":"introduccion-a-la-proteccion-infantil-organizacional","status":"publish","type":"page","link":"https:\/\/learning.keepingchildrensafe.global\/es\/introduccion-a-la-proteccion-infantil-organizacional\/","title":{"rendered":"Introducci\u00f3n a la protecci\u00f3n infantil organizacional"},"content":{"rendered":"\n<div style=\"height:60px\" aria-hidden=\"true\" class=\"wp-block-spacer\"><\/div>\n\n\n\n<div class=\"wp-block-columns has-ast-global-color-4-background-color has-background is-layout-flex wp-container-core-columns-is-layout-706545de wp-block-columns-is-layout-flex\" style=\"padding-top:0;padding-right:0;padding-bottom:0;padding-left:0\">\n<div class=\"wp-block-column is-layout-flow wp-block-column-is-layout-flow\" style=\"padding-top:var(--wp--preset--spacing--50);padding-right:var(--wp--preset--spacing--50);padding-bottom:0;padding-left:var(--wp--preset--spacing--50);flex-basis:66.66%\">\n<h2 class=\"wp-block-heading\">Introducci\u00f3n a la protecci\u00f3n infantil organizacional<\/h2>\n\n\n\n<p class=\"has-medium-font-size\">Curso guiado por facilitadores<\/p>\n<\/div>\n\n\n\n<div class=\"wp-block-column is-layout-flow wp-block-column-is-layout-flow\" style=\"flex-basis:33.33%\">\n<figure class=\"wp-block-image size-large\"><img loading=\"lazy\" decoding=\"async\" width=\"1024\" height=\"683\" src=\"https:\/\/learning.keepingchildrensafe.global\/wp-content\/uploads\/2025\/10\/pexels-kampus-6299287-1024x683.jpg\" alt=\"\" class=\"wp-image-7355\" style=\"object-fit:cover\" srcset=\"https:\/\/learning.keepingchildrensafe.global\/wp-content\/uploads\/2025\/10\/pexels-kampus-6299287-1024x683.jpg 1024w, https:\/\/learning.keepingchildrensafe.global\/wp-content\/uploads\/2025\/10\/pexels-kampus-6299287-300x200.jpg 300w, https:\/\/learning.keepingchildrensafe.global\/wp-content\/uploads\/2025\/10\/pexels-kampus-6299287-768x512.jpg 768w, https:\/\/learning.keepingchildrensafe.global\/wp-content\/uploads\/2025\/10\/pexels-kampus-6299287-1536x1024.jpg 1536w, https:\/\/learning.keepingchildrensafe.global\/wp-content\/uploads\/2025\/10\/pexels-kampus-6299287-2048x1365.jpg 2048w\" sizes=\"auto, (max-width: 1024px) 100vw, 1024px\" \/><\/figure>\n<\/div>\n<\/div>\n\n\n\n<div style=\"height:60px\" aria-hidden=\"true\" class=\"wp-block-spacer\"><\/div>\n\n\n\n\n<div class=\"learndash-wrapper learndash-wrap learndash-shortcode-wrap\"><div class=\"learndash-course-visitor-message\">\n\t<div class=\"wp-block-columns course-status-bar has-border-color has-ast-global-color-4-border-color has-ast-global-color-5-background-color has-background is-layout-flex wp-container-core-columns-is-layout-28f84493 wp-block-columns-is-layout-flex\" style=\"border-width:4px;border-radius:30px\">\n<div class=\"wp-block-column is-layout-flow wp-block-column-is-layout-flow\" style=\"padding-bottom:var(--wp--preset--spacing--20)\">\n<p class=\"has-text-align-center has-medium-font-size\"><strong>Estado actual<\/strong><\/p>\n<p class=\"has-text-align-center\">No inscrito<\/p>\n<\/div>\n<div class=\"wp-block-column is-layout-flow wp-block-column-is-layout-flow\" style=\"padding-bottom:var(--wp--preset--spacing--20)\">\n<p class=\"has-text-align-center has-medium-font-size\"><strong>Costo<\/strong><\/p>\n<p class=\"has-text-align-center\">GBP \u00a3399<\/p>\n<\/div>\n<div class=\"wp-block-column is-layout-flow wp-block-column-is-layout-flow\" style=\"padding-bottom:var(--wp--preset--spacing--50)\">\n<p class=\"has-text-align-center has-medium-font-size\"><strong>Empezar<\/strong><\/p>\n<div class=\"wp-block-buttons is-content-justification-center is-layout-flex wp-container-core-buttons-is-layout-11db0663 wp-block-buttons-is-layout-flex\">\n<div class=\"wp-block-button is-style-outline is-style-outline--1\"><a class=\"wp-block-button__link has-white-color has-text-color has-text-align-center wp-element-button\" href=\"https:\/\/learning.keepingchildrensafe.global\/es\/registrese-para-introduccion-a-la-pio\/\" target=\"_blank\" rel=\"noreferrer noopener\"><strong>Inscr\u00edbase en este curso<\/strong><\/a><\/div>\n<\/div>\n<\/div>\n<\/div>\n\t<\/div>\n\t<\/div>\n\n\n\n\n<div style=\"height:30px\" aria-hidden=\"true\" class=\"wp-block-spacer\"><\/div>\n\n\n\n\n\n<div style=\"height:60px\" aria-hidden=\"true\" class=\"wp-block-spacer\"><\/div>\n\n\n<div class=\"lightweight-accordion has-text-color has-background\"><details><summary class=\"lightweight-accordion-title\" style=\"color:var(--ast-global-color-7);background:var(--ast-global-color-4);\"><span><strong>Informaci\u00f3n sobre el curso<\/strong><\/span><\/summary><div class=\"lightweight-accordion-body\" style=\"border-color:var(--ast-global-color-4);\">\n\n<div style=\"height:15px\" aria-hidden=\"true\" class=\"wp-block-spacer\"><\/div>\n\n\n\n<p><strong>Audiencia:<\/strong> Todos y todas: desde profesionales independientes a personal y voluntarios\/as de todo tipo de organizaciones<br><strong>Duraci\u00f3n:<\/strong> Dos semanas, con aproximadamente dos horas de estudio a la semana<br><strong>Idioma:<\/strong> Espa\u00f1ol<br><strong>Certificado:<\/strong> Se emitir\u00e1 un certificado al completar el curso<\/p>\n\n\n\n<div style=\"height:15px\" aria-hidden=\"true\" class=\"wp-block-spacer\"><\/div>\n\n\n\n<p><strong>Horario y requisitos del curso:<\/strong><br>El aprendizaje es a tu propio ritmo, el contenido se desbloquea semanalmente.<br>El curso incluye dos sesiones en vivo &#8211; en la mitad y al final del curso -. Es obligatorio participar en todas las sesiones en vivo para obtener el certificado del curso.  <\/p>\n\n\n\n<div style=\"height:15px\" aria-hidden=\"true\" class=\"wp-block-spacer\"><\/div>\n\n\n\n<p><strong>Valor: <\/strong>\u00a3 399*<\/p>\n\n\n\n<div style=\"height:5px\" aria-hidden=\"true\" class=\"wp-block-spacer\"><\/div>\n\n\n\n<p>* Todos los miembros de la red KCS tienen 10% de descuento. <br>* Las organizaciones peque\u00f1as pueden optar a una membres\u00eda gratuita, con el beneficio de acceder gratuitamente a todos nuestros cursos. P\u00f3ngase en contacto a learning@keepingchildrensafe.global para obtener m\u00e1s informaci\u00f3n y verificar su elegibilidad.<\/p>\n\n<\/div><\/details><\/div>\n\n<div class=\"lightweight-accordion has-text-color has-background\"><details><summary class=\"lightweight-accordion-title\" style=\"color:var(--ast-global-color-7);background:var(--ast-global-color-4);\"><span><strong>Objetivos de aprendizaje<\/strong><\/span><\/summary><div class=\"lightweight-accordion-body\" style=\"border-color:var(--ast-global-color-4);\">\n\n<div style=\"height:15px\" aria-hidden=\"true\" class=\"wp-block-spacer\"><\/div>\n\n\n\n<ul class=\"wp-block-list\">\n<li>Considerar el contexto para las infancias, para ayudarte a centrarte m\u00e1s en los ni\u00f1os, ni\u00f1as y adolescentes, aumentar tu conciencia sobre el entorno en el que las infancias podr\u00edan estar viviendo y las implicaciones de esto para su seguridad.<\/li>\n\n\n\n<li>Comprender los conceptos y definiciones clave relacionados con la protecci\u00f3n infantil organizacional. Conocer los diferentes tipos de maltrato infantil y c\u00f3mo pueden darse en las organizaciones.  <\/li>\n\n\n\n<li>Explora las leyes y normas para prevenir el abuso infantil en las organizaciones, incluidos los Est\u00e1ndares Internacionales de Protecci\u00f3n Infantil Organizacional.<\/li>\n\n\n\n<li>Aprende c\u00f3mo reconocer y responder a preocupaciones de protecci\u00f3n infantil organizacional o a situaciones de abuso infantil.<\/li>\n<\/ul>\n\n<\/div><\/details><\/div>\n\n\n<div style=\"height:60px\" aria-hidden=\"true\" class=\"wp-block-spacer\"><\/div>\n\n\n\n<p>Teniendo los Est\u00e1ndares Internacionales de Protecci\u00f3n Infantil Organizacional como base, este curso te ayudar\u00e1 a desarrollar un manejo fundacional de conceptos de protecci\u00f3n infantil organizacional. <\/p>\n\n\n\n<div style=\"height:15px\" aria-hidden=\"true\" class=\"wp-block-spacer\"><\/div>\n\n\n\n<p>Este curso combina lecciones de aprendizaje a tu propio ritmo con videos, ejercicios y clases virtuales en vivo con un facilitador que trabaja activamente en el campo de la protecci\u00f3n infantil organizacional. Incluye un cuestionario al finalizar el contenido. <\/p>\n\n\n\n<div style=\"height:90px\" aria-hidden=\"true\" class=\"wp-block-spacer\"><\/div>\n","protected":false},"excerpt":{"rendered":"<p>Introducci\u00f3n a la protecci\u00f3n infantil organizacional Curso guiado por facilitadores Teniendo los Est\u00e1ndares Internacionales de Protecci\u00f3n Infantil Organizacional como base, este curso te ayudar\u00e1 a desarrollar un manejo fundacional de conceptos de protecci\u00f3n infantil organizacional. Este curso combina lecciones de aprendizaje a tu propio ritmo con videos, ejercicios y clases virtuales en vivo con un [&hellip;]<\/p>\n","protected":false},"author":5,"featured_media":0,"parent":0,"menu_order":0,"comment_status":"closed","ping_status":"closed","template":"","meta":{"_bbp_topic_count":0,"_bbp_reply_count":0,"_bbp_total_topic_count":0,"_bbp_total_reply_count":0,"_bbp_voice_count":0,"_bbp_anonymous_reply_count":0,"_bbp_topic_count_hidden":0,"_bbp_reply_count_hidden":0,"_bbp_forum_subforum_count":0,"site-sidebar-layout":"default","site-content-layout":"","ast-site-content-layout":"default","site-content-style":"default","site-sidebar-style":"default","ast-global-header-display":"","ast-banner-title-visibility":"","ast-main-header-display":"","ast-hfb-above-header-display":"","ast-hfb-below-header-display":"","ast-hfb-mobile-header-display":"","site-post-title":"","ast-breadcrumbs-content":"","ast-featured-img":"","footer-sml-layout":"","ast-disable-related-posts":"","theme-transparent-header-meta":"","adv-header-id-meta":"","stick-header-meta":"","header-above-stick-meta":"","header-main-stick-meta":"","header-below-stick-meta":"","astra-migrate-meta-layouts":"set","ast-page-background-enabled":"default","ast-page-background-meta":{"desktop":{"background-color":"var(--ast-global-color-4)","background-image":"","background-repeat":"repeat","background-position":"center center","background-size":"auto","background-attachment":"scroll","background-type":"","background-media":"","overlay-type":"","overlay-color":"","overlay-opacity":"","overlay-gradient":""},"tablet":{"background-color":"","background-image":"","background-repeat":"repeat","background-position":"center center","background-size":"auto","background-attachment":"scroll","background-type":"","background-media":"","overlay-type":"","overlay-color":"","overlay-opacity":"","overlay-gradient":""},"mobile":{"background-color":"","background-image":"","background-repeat":"repeat","background-position":"center center","background-size":"auto","background-attachment":"scroll","background-type":"","background-media":"","overlay-type":"","overlay-color":"","overlay-opacity":"","overlay-gradient":""}},"ast-content-background-meta":{"desktop":{"background-color":"var(--ast-global-color-5)","background-image":"","background-repeat":"repeat","background-position":"center center","background-size":"auto","background-attachment":"scroll","background-type":"","background-media":"","overlay-type":"","overlay-color":"","overlay-opacity":"","overlay-gradient":""},"tablet":{"background-color":"var(--ast-global-color-5)","background-image":"","background-repeat":"repeat","background-position":"center center","background-size":"auto","background-attachment":"scroll","background-type":"","background-media":"","overlay-type":"","overlay-color":"","overlay-opacity":"","overlay-gradient":""},"mobile":{"background-color":"var(--ast-global-color-5)","background-image":"","background-repeat":"repeat","background-position":"center center","background-size":"auto","background-attachment":"scroll","background-type":"","background-media":"","overlay-type":"","overlay-color":"","overlay-opacity":"","overlay-gradient":""}},"footnotes":""},"class_list":["post-7370","page","type-page","status-publish","hentry"],"yoast_head":"<!-- This site is optimized with the Yoast SEO plugin v27.4 - https:\/\/yoast.com\/product\/yoast-seo-wordpress\/ -->\n<title>Introducci\u00f3n a la protecci\u00f3n infantil organizacional - KCS Learning<\/title>\n<meta name=\"robots\" content=\"index, follow, max-snippet:-1, max-image-preview:large, max-video-preview:-1\" \/>\n<link rel=\"canonical\" href=\"https:\/\/learning.keepingchildrensafe.global\/es\/introduccion-a-la-proteccion-infantil-organizacional\/\" \/>\n<meta property=\"og:locale\" content=\"es_ES\" \/>\n<meta property=\"og:type\" content=\"article\" \/>\n<meta property=\"og:title\" content=\"Introducci\u00f3n a la protecci\u00f3n infantil organizacional - KCS Learning\" \/>\n<meta property=\"og:description\" content=\"Introducci\u00f3n a la protecci\u00f3n infantil organizacional Curso guiado por facilitadores Teniendo los Est\u00e1ndares Internacionales de Protecci\u00f3n Infantil Organizacional como base, este curso te ayudar\u00e1 a desarrollar un manejo fundacional de conceptos de protecci\u00f3n infantil organizacional. Este curso combina lecciones de aprendizaje a tu propio ritmo con videos, ejercicios y clases virtuales en vivo con un [&hellip;]\" \/>\n<meta property=\"og:url\" content=\"https:\/\/learning.keepingchildrensafe.global\/es\/introduccion-a-la-proteccion-infantil-organizacional\/\" \/>\n<meta property=\"og:site_name\" content=\"KCS Learning\" \/>\n<meta property=\"article:modified_time\" content=\"2025-12-01T23:24:23+00:00\" \/>\n<meta property=\"og:image\" content=\"https:\/\/learning.keepingchildrensafe.global\/wp-content\/uploads\/2025\/10\/pexels-kampus-6299287-scaled.jpg\" \/>\n\t<meta property=\"og:image:width\" content=\"2560\" \/>\n\t<meta property=\"og:image:height\" content=\"1707\" \/>\n\t<meta property=\"og:image:type\" content=\"image\/jpeg\" \/>\n<meta name=\"twitter:card\" content=\"summary_large_image\" \/>\n<meta name=\"twitter:site\" content=\"@keepchildsafe\" \/>\n<meta name=\"twitter:label1\" content=\"Tiempo de lectura\" \/>\n\t<meta name=\"twitter:data1\" content=\"2 minutos\" \/>\n<script type=\"application\/ld+json\" class=\"yoast-schema-graph\">{\"@context\":\"https:\\\/\\\/schema.org\",\"@graph\":[{\"@type\":\"WebPage\",\"@id\":\"https:\\\/\\\/learning.keepingchildrensafe.global\\\/es\\\/introduccion-a-la-proteccion-infantil-organizacional\\\/\",\"url\":\"https:\\\/\\\/learning.keepingchildrensafe.global\\\/es\\\/introduccion-a-la-proteccion-infantil-organizacional\\\/\",\"name\":\"Introducci\u00f3n a la protecci\u00f3n infantil organizacional - KCS Learning\",\"isPartOf\":{\"@id\":\"https:\\\/\\\/learning.keepingchildrensafe.global\\\/es\\\/#website\"},\"primaryImageOfPage\":{\"@id\":\"https:\\\/\\\/learning.keepingchildrensafe.global\\\/es\\\/introduccion-a-la-proteccion-infantil-organizacional\\\/#primaryimage\"},\"image\":{\"@id\":\"https:\\\/\\\/learning.keepingchildrensafe.global\\\/es\\\/introduccion-a-la-proteccion-infantil-organizacional\\\/#primaryimage\"},\"thumbnailUrl\":\"https:\\\/\\\/learning.keepingchildrensafe.global\\\/wp-content\\\/uploads\\\/2025\\\/10\\\/pexels-kampus-6299287-1024x683.jpg\",\"datePublished\":\"2025-10-19T23:08:52+00:00\",\"dateModified\":\"2025-12-01T23:24:23+00:00\",\"breadcrumb\":{\"@id\":\"https:\\\/\\\/learning.keepingchildrensafe.global\\\/es\\\/introduccion-a-la-proteccion-infantil-organizacional\\\/#breadcrumb\"},\"inLanguage\":\"es\",\"potentialAction\":[{\"@type\":\"ReadAction\",\"target\":[\"https:\\\/\\\/learning.keepingchildrensafe.global\\\/es\\\/introduccion-a-la-proteccion-infantil-organizacional\\\/\"]}]},{\"@type\":\"ImageObject\",\"inLanguage\":\"es\",\"@id\":\"https:\\\/\\\/learning.keepingchildrensafe.global\\\/es\\\/introduccion-a-la-proteccion-infantil-organizacional\\\/#primaryimage\",\"url\":\"https:\\\/\\\/learning.keepingchildrensafe.global\\\/wp-content\\\/uploads\\\/2025\\\/10\\\/pexels-kampus-6299287-1024x683.jpg\",\"contentUrl\":\"https:\\\/\\\/learning.keepingchildrensafe.global\\\/wp-content\\\/uploads\\\/2025\\\/10\\\/pexels-kampus-6299287-1024x683.jpg\"},{\"@type\":\"BreadcrumbList\",\"@id\":\"https:\\\/\\\/learning.keepingchildrensafe.global\\\/es\\\/introduccion-a-la-proteccion-infantil-organizacional\\\/#breadcrumb\",\"itemListElement\":[{\"@type\":\"ListItem\",\"position\":1,\"name\":\"Home\",\"item\":\"https:\\\/\\\/learning.keepingchildrensafe.global\\\/es\\\/\"},{\"@type\":\"ListItem\",\"position\":2,\"name\":\"Introducci\u00f3n a la protecci\u00f3n infantil organizacional\"}]},{\"@type\":\"WebSite\",\"@id\":\"https:\\\/\\\/learning.keepingchildrensafe.global\\\/es\\\/#website\",\"url\":\"https:\\\/\\\/learning.keepingchildrensafe.global\\\/es\\\/\",\"name\":\"KCS Learning\",\"description\":\"Learn all about child safeguarding\",\"publisher\":{\"@id\":\"https:\\\/\\\/learning.keepingchildrensafe.global\\\/es\\\/#organization\"},\"potentialAction\":[{\"@type\":\"SearchAction\",\"target\":{\"@type\":\"EntryPoint\",\"urlTemplate\":\"https:\\\/\\\/learning.keepingchildrensafe.global\\\/es\\\/?s={search_term_string}\"},\"query-input\":{\"@type\":\"PropertyValueSpecification\",\"valueRequired\":true,\"valueName\":\"search_term_string\"}}],\"inLanguage\":\"es\"},{\"@type\":\"Organization\",\"@id\":\"https:\\\/\\\/learning.keepingchildrensafe.global\\\/es\\\/#organization\",\"name\":\"KCS Learning\",\"url\":\"https:\\\/\\\/learning.keepingchildrensafe.global\\\/es\\\/\",\"logo\":{\"@type\":\"ImageObject\",\"inLanguage\":\"es\",\"@id\":\"https:\\\/\\\/learning.keepingchildrensafe.global\\\/es\\\/#\\\/schema\\\/logo\\\/image\\\/\",\"url\":\"https:\\\/\\\/learning.keepingchildrensafe.global\\\/wp-content\\\/uploads\\\/2025\\\/03\\\/kcs-header-logo-1.png\",\"contentUrl\":\"https:\\\/\\\/learning.keepingchildrensafe.global\\\/wp-content\\\/uploads\\\/2025\\\/03\\\/kcs-header-logo-1.png\",\"width\":500,\"height\":53,\"caption\":\"KCS Learning\"},\"image\":{\"@id\":\"https:\\\/\\\/learning.keepingchildrensafe.global\\\/es\\\/#\\\/schema\\\/logo\\\/image\\\/\"},\"sameAs\":[\"https:\\\/\\\/x.com\\\/keepchildsafe\",\"https:\\\/\\\/www.linkedin.com\\\/company\\\/keepingchildrensafe\\\/\",\"https:\\\/\\\/vimeo.com\\\/keepingchildrensafe\"]}]}<\/script>\n<!-- \/ Yoast SEO plugin. -->","yoast_head_json":{"title":"Introducci\u00f3n a la protecci\u00f3n infantil organizacional - KCS Learning","robots":{"index":"index","follow":"follow","max-snippet":"max-snippet:-1","max-image-preview":"max-image-preview:large","max-video-preview":"max-video-preview:-1"},"canonical":"https:\/\/learning.keepingchildrensafe.global\/es\/introduccion-a-la-proteccion-infantil-organizacional\/","og_locale":"es_ES","og_type":"article","og_title":"Introducci\u00f3n a la protecci\u00f3n infantil organizacional - KCS Learning","og_description":"Introducci\u00f3n a la protecci\u00f3n infantil organizacional Curso guiado por facilitadores Teniendo los Est\u00e1ndares Internacionales de Protecci\u00f3n Infantil Organizacional como base, este curso te ayudar\u00e1 a desarrollar un manejo fundacional de conceptos de protecci\u00f3n infantil organizacional. Este curso combina lecciones de aprendizaje a tu propio ritmo con videos, ejercicios y clases virtuales en vivo con un [&hellip;]","og_url":"https:\/\/learning.keepingchildrensafe.global\/es\/introduccion-a-la-proteccion-infantil-organizacional\/","og_site_name":"KCS Learning","article_modified_time":"2025-12-01T23:24:23+00:00","og_image":[{"width":2560,"height":1707,"url":"https:\/\/learning.keepingchildrensafe.global\/wp-content\/uploads\/2025\/10\/pexels-kampus-6299287-scaled.jpg","type":"image\/jpeg"}],"twitter_card":"summary_large_image","twitter_site":"@keepchildsafe","twitter_misc":{"Tiempo de lectura":"2 minutos"},"schema":{"@context":"https:\/\/schema.org","@graph":[{"@type":"WebPage","@id":"https:\/\/learning.keepingchildrensafe.global\/es\/introduccion-a-la-proteccion-infantil-organizacional\/","url":"https:\/\/learning.keepingchildrensafe.global\/es\/introduccion-a-la-proteccion-infantil-organizacional\/","name":"Introducci\u00f3n a la protecci\u00f3n infantil organizacional - KCS Learning","isPartOf":{"@id":"https:\/\/learning.keepingchildrensafe.global\/es\/#website"},"primaryImageOfPage":{"@id":"https:\/\/learning.keepingchildrensafe.global\/es\/introduccion-a-la-proteccion-infantil-organizacional\/#primaryimage"},"image":{"@id":"https:\/\/learning.keepingchildrensafe.global\/es\/introduccion-a-la-proteccion-infantil-organizacional\/#primaryimage"},"thumbnailUrl":"https:\/\/learning.keepingchildrensafe.global\/wp-content\/uploads\/2025\/10\/pexels-kampus-6299287-1024x683.jpg","datePublished":"2025-10-19T23:08:52+00:00","dateModified":"2025-12-01T23:24:23+00:00","breadcrumb":{"@id":"https:\/\/learning.keepingchildrensafe.global\/es\/introduccion-a-la-proteccion-infantil-organizacional\/#breadcrumb"},"inLanguage":"es","potentialAction":[{"@type":"ReadAction","target":["https:\/\/learning.keepingchildrensafe.global\/es\/introduccion-a-la-proteccion-infantil-organizacional\/"]}]},{"@type":"ImageObject","inLanguage":"es","@id":"https:\/\/learning.keepingchildrensafe.global\/es\/introduccion-a-la-proteccion-infantil-organizacional\/#primaryimage","url":"https:\/\/learning.keepingchildrensafe.global\/wp-content\/uploads\/2025\/10\/pexels-kampus-6299287-1024x683.jpg","contentUrl":"https:\/\/learning.keepingchildrensafe.global\/wp-content\/uploads\/2025\/10\/pexels-kampus-6299287-1024x683.jpg"},{"@type":"BreadcrumbList","@id":"https:\/\/learning.keepingchildrensafe.global\/es\/introduccion-a-la-proteccion-infantil-organizacional\/#breadcrumb","itemListElement":[{"@type":"ListItem","position":1,"name":"Home","item":"https:\/\/learning.keepingchildrensafe.global\/es\/"},{"@type":"ListItem","position":2,"name":"Introducci\u00f3n a la protecci\u00f3n infantil organizacional"}]},{"@type":"WebSite","@id":"https:\/\/learning.keepingchildrensafe.global\/es\/#website","url":"https:\/\/learning.keepingchildrensafe.global\/es\/","name":"KCS Learning","description":"Learn all about child safeguarding","publisher":{"@id":"https:\/\/learning.keepingchildrensafe.global\/es\/#organization"},"potentialAction":[{"@type":"SearchAction","target":{"@type":"EntryPoint","urlTemplate":"https:\/\/learning.keepingchildrensafe.global\/es\/?s={search_term_string}"},"query-input":{"@type":"PropertyValueSpecification","valueRequired":true,"valueName":"search_term_string"}}],"inLanguage":"es"},{"@type":"Organization","@id":"https:\/\/learning.keepingchildrensafe.global\/es\/#organization","name":"KCS Learning","url":"https:\/\/learning.keepingchildrensafe.global\/es\/","logo":{"@type":"ImageObject","inLanguage":"es","@id":"https:\/\/learning.keepingchildrensafe.global\/es\/#\/schema\/logo\/image\/","url":"https:\/\/learning.keepingchildrensafe.global\/wp-content\/uploads\/2025\/03\/kcs-header-logo-1.png","contentUrl":"https:\/\/learning.keepingchildrensafe.global\/wp-content\/uploads\/2025\/03\/kcs-header-logo-1.png","width":500,"height":53,"caption":"KCS Learning"},"image":{"@id":"https:\/\/learning.keepingchildrensafe.global\/es\/#\/schema\/logo\/image\/"},"sameAs":["https:\/\/x.com\/keepchildsafe","https:\/\/www.linkedin.com\/company\/keepingchildrensafe\/","https:\/\/vimeo.com\/keepingchildrensafe"]}]}},"_links":{"self":[{"href":"https:\/\/learning.keepingchildrensafe.global\/es\/wp-json\/wp\/v2\/pages\/7370","targetHints":{"allow":["GET"]}}],"collection":[{"href":"https:\/\/learning.keepingchildrensafe.global\/es\/wp-json\/wp\/v2\/pages"}],"about":[{"href":"https:\/\/learning.keepingchildrensafe.global\/es\/wp-json\/wp\/v2\/types\/page"}],"author":[{"embeddable":true,"href":"https:\/\/learning.keepingchildrensafe.global\/es\/wp-json\/wp\/v2\/users\/5"}],"replies":[{"embeddable":true,"href":"https:\/\/learning.keepingchildrensafe.global\/es\/wp-json\/wp\/v2\/comments?post=7370"}],"version-history":[{"count":6,"href":"https:\/\/learning.keepingchildrensafe.global\/es\/wp-json\/wp\/v2\/pages\/7370\/revisions"}],"predecessor-version":[{"id":7433,"href":"https:\/\/learning.keepingchildrensafe.global\/es\/wp-json\/wp\/v2\/pages\/7370\/revisions\/7433"}],"wp:attachment":[{"href":"https:\/\/learning.keepingchildrensafe.global\/es\/wp-json\/wp\/v2\/media?parent=7370"}],"curies":[{"name":"wp","href":"https:\/\/api.w.org\/{rel}","templated":true}]}}